{"id":4989,"date":"2026-03-15T21:52:40","date_gmt":"2026-03-15T20:52:40","guid":{"rendered":"https:\/\/cvetnidekor.co.rs\/?post_type=product&#038;p=4989"},"modified":"2026-03-16T15:17:59","modified_gmt":"2026-03-16T14:17:59","slug":"cestitke-cd20014","status":"publish","type":"product","link":"https:\/\/cvetnidekor.co.rs\/index.php\/product\/cestitke-cd20014\/","title":{"rendered":"\u010cestitke CD20014"},"content":{"rendered":"<p>\u010cestitke CD20014 120 komada<\/p>\n<p>Dimenzije: 9cm x 6,5cm<\/p>\n<p>Unikatna \u010cestitka CD20014 \u2013 Savr\u0161en Dodatak Svakom Poklonu<\/p>\n<p>Kada re\u010di nisu dovoljno, na\u0161a \u010destitka CD20014 sa elegantnim cvetnim motivima prenosi va\u0161u poruku na najlep\u0161i na\u010din. Bilo da su vam potrebne ro\u0111endanske \u010destitke koje \u0107e odu\u0161eviti slavljenika ili tra\u017eite suptilan na\u010din da iska\u017eete zahvalnost, ovaj model je idealan izbor.<br \/>\nZa\u0161to odabrati ba\u0161 ovaj model?<\/p>\n<p>Vrhunski kvalitet: Izra\u0111ena od postojanog papira sa pa\u017eljivo biranim detaljima.<\/p>\n<p>Vi\u0161enamenska upotreba: Savr\u0161eno slu\u017ee kao zahvalnice za ven\u010danja, kr\u0161tenja ili poslovne partnere, ali i kao klasi\u010dne poruke pa\u017enje.<\/p>\n<p>Elegantan dizajn: Cvetni dezen koji se lako uklapa uz svaki buket ili aran\u017eman iz na\u0161e ponude.<\/p>\n<p>Poka\u017eite dragim osobama koliko vam zna\u010de. Uz pravi odabir re\u010di i na\u0161u vrhunsku \u0161tampu, va\u0161a poruka \u0107e postati draga uspomena koja se \u010duva godinama. Prona\u0111ite idealan balans izme\u0111u stila i emocije uz Cvetni Dekor.<\/p>\n","protected":false},"excerpt":{"rendered":"<p>\u010cestitke CD20014 120 komada<\/p>\n<p>Dimenzije: 9cm x 6,5cm<\/p>\n","protected":false},"featured_media":4988,"template":"","meta":{"_monsterinsights_skip_tracking":false,"_monsterinsights_sitenote_active":false,"_monsterinsights_sitenote_note":"","_monsterinsights_sitenote_category":0},"product_brand":[],"product_cat":[231],"product_tag":[232],"class_list":{"0":"post-4989","1":"product","2":"type-product","3":"status-publish","4":"has-post-thumbnail","6":"product_cat-cestitke","7":"product_tag-rodendanske-cestitke","8":"has-thumb","10":"first","11":"instock","12":"taxable","13":"shipping-taxable","14":"purchasable","15":"product-type-simple"},"yoast_head":"<!-- This site is optimized with the Yoast SEO plugin v27.1.1 - https:\/\/yoast.com\/product\/yoast-seo-wordpress\/ -->\n<title>\u010cestitke CD20014 - CVETNI DEKOR NB d.o.o.<\/title>\n<meta name=\"description\" content=\"\u010cestitke za sve prilike u na\u0161em katalogu. Za ro\u0111endane, slavlja, kr\u0161tenja, diplomiranja i jo\u0161 mnogo lepih doga\u0111aja koje proslavljavate sa Va\u0161im najmilijim.\" \/>\n<meta name=\"robots\" content=\"index, follow, max-snippet:-1, max-image-preview:large, max-video-preview:-1\" \/>\n<link rel=\"canonical\" href=\"https:\/\/cvetnidekor.co.rs\/index.php\/product\/cestitke-cd20014\/\" \/>\n<meta property=\"og:locale\" content=\"en_US\" \/>\n<meta property=\"og:type\" content=\"article\" \/>\n<meta property=\"og:title\" content=\"\u010cestitke CD20014 - CVETNI DEKOR NB d.o.o.\" \/>\n<meta property=\"og:description\" content=\"\u010cestitke za sve prilike u na\u0161em katalogu. Za ro\u0111endane, slavlja, kr\u0161tenja, diplomiranja i jo\u0161 mnogo lepih doga\u0111aja koje proslavljavate sa Va\u0161im najmilijim.\" \/>\n<meta property=\"og:url\" content=\"https:\/\/cvetnidekor.co.rs\/index.php\/product\/cestitke-cd20014\/\" \/>\n<meta property=\"og:site_name\" content=\"CVETNI DEKOR NB d.o.o.\" \/>\n<meta property=\"article:publisher\" content=\"https:\/\/www.facebook.com\/cvetni.dekornbdoo\" \/>\n<meta property=\"article:modified_time\" content=\"2026-03-16T14:17:59+00:00\" \/>\n<meta property=\"og:image\" content=\"https:\/\/cvetnidekor.co.rs\/wp-content\/uploads\/2026\/03\/Cestitke-CD20014.jpg\" \/>\n\t<meta property=\"og:image:width\" content=\"1200\" \/>\n\t<meta property=\"og:image:height\" content=\"1600\" \/>\n\t<meta property=\"og:image:type\" content=\"image\/jpeg\" \/>\n<meta name=\"twitter:card\" content=\"summary_large_image\" \/>\n<meta name=\"twitter:label1\" content=\"Est. reading time\" \/>\n\t<meta name=\"twitter:data1\" content=\"1 minute\" \/>\n<script type=\"application\/ld+json\" class=\"yoast-schema-graph\">{\"@context\":\"https:\/\/schema.org\",\"@graph\":[{\"@type\":\"WebPage\",\"@id\":\"https:\/\/cvetnidekor.co.rs\/index.php\/product\/cestitke-cd20014\/\",\"url\":\"https:\/\/cvetnidekor.co.rs\/index.php\/product\/cestitke-cd20014\/\",\"name\":\"\u010cestitke CD20014 - CVETNI DEKOR NB d.o.o.\",\"isPartOf\":{\"@id\":\"https:\/\/cvetnidekor.co.rs\/#website\"},\"primaryImageOfPage\":{\"@id\":\"https:\/\/cvetnidekor.co.rs\/index.php\/product\/cestitke-cd20014\/#primaryimage\"},\"image\":{\"@id\":\"https:\/\/cvetnidekor.co.rs\/index.php\/product\/cestitke-cd20014\/#primaryimage\"},\"thumbnailUrl\":\"https:\/\/cvetnidekor.co.rs\/wp-content\/uploads\/2026\/03\/Cestitke-CD20014.jpg\",\"datePublished\":\"2026-03-15T20:52:40+00:00\",\"dateModified\":\"2026-03-16T14:17:59+00:00\",\"description\":\"\u010cestitke za sve prilike u na\u0161em katalogu. Za ro\u0111endane, slavlja, kr\u0161tenja, diplomiranja i jo\u0161 mnogo lepih doga\u0111aja koje proslavljavate sa Va\u0161im najmilijim.\",\"breadcrumb\":{\"@id\":\"https:\/\/cvetnidekor.co.rs\/index.php\/product\/cestitke-cd20014\/#breadcrumb\"},\"inLanguage\":\"en-US\",\"potentialAction\":[{\"@type\":\"ReadAction\",\"target\":[\"https:\/\/cvetnidekor.co.rs\/index.php\/product\/cestitke-cd20014\/\"]}]},{\"@type\":\"ImageObject\",\"inLanguage\":\"en-US\",\"@id\":\"https:\/\/cvetnidekor.co.rs\/index.php\/product\/cestitke-cd20014\/#primaryimage\",\"url\":\"https:\/\/cvetnidekor.co.rs\/wp-content\/uploads\/2026\/03\/Cestitke-CD20014.jpg\",\"contentUrl\":\"https:\/\/cvetnidekor.co.rs\/wp-content\/uploads\/2026\/03\/Cestitke-CD20014.jpg\",\"width\":1200,\"height\":1600,\"caption\":\"ro\u0111endanske \u010destitke u 10ak razli\u010ditih dizajnova\"},{\"@type\":\"BreadcrumbList\",\"@id\":\"https:\/\/cvetnidekor.co.rs\/index.php\/product\/cestitke-cd20014\/#breadcrumb\",\"itemListElement\":[{\"@type\":\"ListItem\",\"position\":1,\"name\":\"Naslovna\",\"item\":\"https:\/\/cvetnidekor.co.rs\/\"},{\"@type\":\"ListItem\",\"position\":2,\"name\":\"Ponuda\",\"item\":\"https:\/\/cvetnidekor.co.rs\/index.php\/ponuda\/\"},{\"@type\":\"ListItem\",\"position\":3,\"name\":\"Dekorativni detalji\",\"item\":\"https:\/\/cvetnidekor.co.rs\/index.php\/product-category\/dekorativni-detalji\/\"},{\"@type\":\"ListItem\",\"position\":4,\"name\":\"\u010cestitke\",\"item\":\"https:\/\/cvetnidekor.co.rs\/index.php\/product-category\/dekorativni-detalji\/cestitke\/\"},{\"@type\":\"ListItem\",\"position\":5,\"name\":\"\u010cestitke CD20014\"}]},{\"@type\":\"WebSite\",\"@id\":\"https:\/\/cvetnidekor.co.rs\/#website\",\"url\":\"https:\/\/cvetnidekor.co.rs\/\",\"name\":\"CVETNI DEKOR NB d.o.o.\",\"description\":\"Dobro do\u0161li na sajt Cvetni Dekor NB d.o.o. Pogledajte katalog proizvoda koje imamo u ponudi.\",\"publisher\":{\"@id\":\"https:\/\/cvetnidekor.co.rs\/#organization\"},\"potentialAction\":[{\"@type\":\"SearchAction\",\"target\":{\"@type\":\"EntryPoint\",\"urlTemplate\":\"https:\/\/cvetnidekor.co.rs\/?s={search_term_string}\"},\"query-input\":{\"@type\":\"PropertyValueSpecification\",\"valueRequired\":true,\"valueName\":\"search_term_string\"}}],\"inLanguage\":\"en-US\"},{\"@type\":\"Organization\",\"@id\":\"https:\/\/cvetnidekor.co.rs\/#organization\",\"name\":\"Cvetni Dekor NB d.o.o.\",\"url\":\"https:\/\/cvetnidekor.co.rs\/\",\"logo\":{\"@type\":\"ImageObject\",\"inLanguage\":\"en-US\",\"@id\":\"https:\/\/cvetnidekor.co.rs\/#\/schema\/logo\/image\/\",\"url\":\"https:\/\/cvetnidekor.co.rs\/wp-content\/uploads\/2020\/10\/Dekor-logo-.jpg\",\"contentUrl\":\"https:\/\/cvetnidekor.co.rs\/wp-content\/uploads\/2020\/10\/Dekor-logo-.jpg\",\"width\":1110,\"height\":638,\"caption\":\"Cvetni Dekor NB d.o.o.\"},\"image\":{\"@id\":\"https:\/\/cvetnidekor.co.rs\/#\/schema\/logo\/image\/\"},\"sameAs\":[\"https:\/\/www.facebook.com\/cvetni.dekornbdoo\",\"https:\/\/www.instagram.com\/cvetnidekornb\/\"]}]}<\/script>\n<!-- \/ Yoast SEO plugin. -->","yoast_head_json":{"title":"\u010cestitke CD20014 - CVETNI DEKOR NB d.o.o.","description":"\u010cestitke za sve prilike u na\u0161em katalogu. Za ro\u0111endane, slavlja, kr\u0161tenja, diplomiranja i jo\u0161 mnogo lepih doga\u0111aja koje proslavljavate sa Va\u0161im najmilijim.","robots":{"index":"index","follow":"follow","max-snippet":"max-snippet:-1","max-image-preview":"max-image-preview:large","max-video-preview":"max-video-preview:-1"},"canonical":"https:\/\/cvetnidekor.co.rs\/index.php\/product\/cestitke-cd20014\/","og_locale":"en_US","og_type":"article","og_title":"\u010cestitke CD20014 - CVETNI DEKOR NB d.o.o.","og_description":"\u010cestitke za sve prilike u na\u0161em katalogu. Za ro\u0111endane, slavlja, kr\u0161tenja, diplomiranja i jo\u0161 mnogo lepih doga\u0111aja koje proslavljavate sa Va\u0161im najmilijim.","og_url":"https:\/\/cvetnidekor.co.rs\/index.php\/product\/cestitke-cd20014\/","og_site_name":"CVETNI DEKOR NB d.o.o.","article_publisher":"https:\/\/www.facebook.com\/cvetni.dekornbdoo","article_modified_time":"2026-03-16T14:17:59+00:00","og_image":[{"width":1200,"height":1600,"url":"https:\/\/cvetnidekor.co.rs\/wp-content\/uploads\/2026\/03\/Cestitke-CD20014.jpg","type":"image\/jpeg"}],"twitter_card":"summary_large_image","twitter_misc":{"Est. reading time":"1 minute"},"schema":{"@context":"https:\/\/schema.org","@graph":[{"@type":"WebPage","@id":"https:\/\/cvetnidekor.co.rs\/index.php\/product\/cestitke-cd20014\/","url":"https:\/\/cvetnidekor.co.rs\/index.php\/product\/cestitke-cd20014\/","name":"\u010cestitke CD20014 - CVETNI DEKOR NB d.o.o.","isPartOf":{"@id":"https:\/\/cvetnidekor.co.rs\/#website"},"primaryImageOfPage":{"@id":"https:\/\/cvetnidekor.co.rs\/index.php\/product\/cestitke-cd20014\/#primaryimage"},"image":{"@id":"https:\/\/cvetnidekor.co.rs\/index.php\/product\/cestitke-cd20014\/#primaryimage"},"thumbnailUrl":"https:\/\/cvetnidekor.co.rs\/wp-content\/uploads\/2026\/03\/Cestitke-CD20014.jpg","datePublished":"2026-03-15T20:52:40+00:00","dateModified":"2026-03-16T14:17:59+00:00","description":"\u010cestitke za sve prilike u na\u0161em katalogu. Za ro\u0111endane, slavlja, kr\u0161tenja, diplomiranja i jo\u0161 mnogo lepih doga\u0111aja koje proslavljavate sa Va\u0161im najmilijim.","breadcrumb":{"@id":"https:\/\/cvetnidekor.co.rs\/index.php\/product\/cestitke-cd20014\/#breadcrumb"},"inLanguage":"en-US","potentialAction":[{"@type":"ReadAction","target":["https:\/\/cvetnidekor.co.rs\/index.php\/product\/cestitke-cd20014\/"]}]},{"@type":"ImageObject","inLanguage":"en-US","@id":"https:\/\/cvetnidekor.co.rs\/index.php\/product\/cestitke-cd20014\/#primaryimage","url":"https:\/\/cvetnidekor.co.rs\/wp-content\/uploads\/2026\/03\/Cestitke-CD20014.jpg","contentUrl":"https:\/\/cvetnidekor.co.rs\/wp-content\/uploads\/2026\/03\/Cestitke-CD20014.jpg","width":1200,"height":1600,"caption":"ro\u0111endanske \u010destitke u 10ak razli\u010ditih dizajnova"},{"@type":"BreadcrumbList","@id":"https:\/\/cvetnidekor.co.rs\/index.php\/product\/cestitke-cd20014\/#breadcrumb","itemListElement":[{"@type":"ListItem","position":1,"name":"Naslovna","item":"https:\/\/cvetnidekor.co.rs\/"},{"@type":"ListItem","position":2,"name":"Ponuda","item":"https:\/\/cvetnidekor.co.rs\/index.php\/ponuda\/"},{"@type":"ListItem","position":3,"name":"Dekorativni detalji","item":"https:\/\/cvetnidekor.co.rs\/index.php\/product-category\/dekorativni-detalji\/"},{"@type":"ListItem","position":4,"name":"\u010cestitke","item":"https:\/\/cvetnidekor.co.rs\/index.php\/product-category\/dekorativni-detalji\/cestitke\/"},{"@type":"ListItem","position":5,"name":"\u010cestitke CD20014"}]},{"@type":"WebSite","@id":"https:\/\/cvetnidekor.co.rs\/#website","url":"https:\/\/cvetnidekor.co.rs\/","name":"CVETNI DEKOR NB d.o.o.","description":"Dobro do\u0161li na sajt Cvetni Dekor NB d.o.o. Pogledajte katalog proizvoda koje imamo u ponudi.","publisher":{"@id":"https:\/\/cvetnidekor.co.rs\/#organization"},"potentialAction":[{"@type":"SearchAction","target":{"@type":"EntryPoint","urlTemplate":"https:\/\/cvetnidekor.co.rs\/?s={search_term_string}"},"query-input":{"@type":"PropertyValueSpecification","valueRequired":true,"valueName":"search_term_string"}}],"inLanguage":"en-US"},{"@type":"Organization","@id":"https:\/\/cvetnidekor.co.rs\/#organization","name":"Cvetni Dekor NB d.o.o.","url":"https:\/\/cvetnidekor.co.rs\/","logo":{"@type":"ImageObject","inLanguage":"en-US","@id":"https:\/\/cvetnidekor.co.rs\/#\/schema\/logo\/image\/","url":"https:\/\/cvetnidekor.co.rs\/wp-content\/uploads\/2020\/10\/Dekor-logo-.jpg","contentUrl":"https:\/\/cvetnidekor.co.rs\/wp-content\/uploads\/2020\/10\/Dekor-logo-.jpg","width":1110,"height":638,"caption":"Cvetni Dekor NB d.o.o."},"image":{"@id":"https:\/\/cvetnidekor.co.rs\/#\/schema\/logo\/image\/"},"sameAs":["https:\/\/www.facebook.com\/cvetni.dekornbdoo","https:\/\/www.instagram.com\/cvetnidekornb\/"]}]}},"_links":{"self":[{"href":"https:\/\/cvetnidekor.co.rs\/index.php\/wp-json\/wp\/v2\/product\/4989","targetHints":{"allow":["GET"]}}],"collection":[{"href":"https:\/\/cvetnidekor.co.rs\/index.php\/wp-json\/wp\/v2\/product"}],"about":[{"href":"https:\/\/cvetnidekor.co.rs\/index.php\/wp-json\/wp\/v2\/types\/product"}],"wp:featuredmedia":[{"embeddable":true,"href":"https:\/\/cvetnidekor.co.rs\/index.php\/wp-json\/wp\/v2\/media\/4988"}],"wp:attachment":[{"href":"https:\/\/cvetnidekor.co.rs\/index.php\/wp-json\/wp\/v2\/media?parent=4989"}],"wp:term":[{"taxonomy":"product_brand","embeddable":true,"href":"https:\/\/cvetnidekor.co.rs\/index.php\/wp-json\/wp\/v2\/product_brand?post=4989"},{"taxonomy":"product_cat","embeddable":true,"href":"https:\/\/cvetnidekor.co.rs\/index.php\/wp-json\/wp\/v2\/product_cat?post=4989"},{"taxonomy":"product_tag","embeddable":true,"href":"https:\/\/cvetnidekor.co.rs\/index.php\/wp-json\/wp\/v2\/product_tag?post=4989"}],"curies":[{"name":"wp","href":"https:\/\/api.w.org\/{rel}","templated":true}]}}