{"id":4723,"date":"2025-05-23T10:31:19","date_gmt":"2025-05-23T08:31:19","guid":{"rendered":"https:\/\/cvetnidekor.co.rs\/?post_type=product&#038;p=4723"},"modified":"2025-05-23T10:31:19","modified_gmt":"2025-05-23T08:31:19","slug":"buket-ranunkula-cd23296","status":"publish","type":"product","link":"https:\/\/cvetnidekor.co.rs\/index.php\/product\/buket-ranunkula-cd23296\/","title":{"rendered":"Buket ranunkula CD23296"},"content":{"rendered":"<p>Buket ranunkula CD23296<\/p>\n","protected":false},"excerpt":{"rendered":"<p>Buket ranunkula CD23296<\/p>\n","protected":false},"featured_media":4724,"template":"","meta":{"_monsterinsights_skip_tracking":false,"_monsterinsights_sitenote_active":false,"_monsterinsights_sitenote_note":"","_monsterinsights_sitenote_category":0},"product_brand":[],"product_cat":[165],"product_tag":[186,224],"class_list":{"0":"post-4723","1":"product","2":"type-product","3":"status-publish","4":"has-post-thumbnail","6":"product_cat-suvo-i-vestacko-cvece","7":"product_tag-buket","8":"product_tag-cvece","9":"has-thumb","11":"first","12":"instock","13":"taxable","14":"shipping-taxable","15":"purchasable","16":"product-type-simple"},"yoast_head":"<!-- This site is optimized with the Yoast SEO plugin v27.1.1 - https:\/\/yoast.com\/product\/yoast-seo-wordpress\/ -->\n<title>Buket ranunkula CD23296 - CVETNI DEKOR NB d.o.o.<\/title>\n<meta name=\"robots\" content=\"index, follow, max-snippet:-1, max-image-preview:large, max-video-preview:-1\" \/>\n<link rel=\"canonical\" href=\"https:\/\/cvetnidekor.co.rs\/index.php\/product\/buket-ranunkula-cd23296\/\" \/>\n<meta property=\"og:locale\" content=\"en_US\" \/>\n<meta property=\"og:type\" content=\"article\" \/>\n<meta property=\"og:title\" content=\"Buket ranunkula CD23296 - CVETNI DEKOR NB d.o.o.\" \/>\n<meta property=\"og:description\" content=\"Buket ranunkula CD23296\" \/>\n<meta property=\"og:url\" content=\"https:\/\/cvetnidekor.co.rs\/index.php\/product\/buket-ranunkula-cd23296\/\" \/>\n<meta property=\"og:site_name\" content=\"CVETNI DEKOR NB d.o.o.\" \/>\n<meta property=\"article:publisher\" content=\"https:\/\/www.facebook.com\/cvetni.dekornbdoo\" \/>\n<meta property=\"og:image\" content=\"https:\/\/cvetnidekor.co.rs\/wp-content\/uploads\/2025\/05\/Buket-ranunkula-CD23296.jpg\" \/>\n\t<meta property=\"og:image:width\" content=\"1200\" \/>\n\t<meta property=\"og:image:height\" content=\"1600\" \/>\n\t<meta property=\"og:image:type\" content=\"image\/jpeg\" \/>\n<meta name=\"twitter:card\" content=\"summary_large_image\" \/>\n<script type=\"application\/ld+json\" class=\"yoast-schema-graph\">{\"@context\":\"https:\/\/schema.org\",\"@graph\":[{\"@type\":\"WebPage\",\"@id\":\"https:\/\/cvetnidekor.co.rs\/index.php\/product\/buket-ranunkula-cd23296\/\",\"url\":\"https:\/\/cvetnidekor.co.rs\/index.php\/product\/buket-ranunkula-cd23296\/\",\"name\":\"Buket ranunkula CD23296 - CVETNI DEKOR NB d.o.o.\",\"isPartOf\":{\"@id\":\"https:\/\/cvetnidekor.co.rs\/#website\"},\"primaryImageOfPage\":{\"@id\":\"https:\/\/cvetnidekor.co.rs\/index.php\/product\/buket-ranunkula-cd23296\/#primaryimage\"},\"image\":{\"@id\":\"https:\/\/cvetnidekor.co.rs\/index.php\/product\/buket-ranunkula-cd23296\/#primaryimage\"},\"thumbnailUrl\":\"https:\/\/cvetnidekor.co.rs\/wp-content\/uploads\/2025\/05\/Buket-ranunkula-CD23296.jpg\",\"datePublished\":\"2025-05-23T08:31:19+00:00\",\"breadcrumb\":{\"@id\":\"https:\/\/cvetnidekor.co.rs\/index.php\/product\/buket-ranunkula-cd23296\/#breadcrumb\"},\"inLanguage\":\"en-US\",\"potentialAction\":[{\"@type\":\"ReadAction\",\"target\":[\"https:\/\/cvetnidekor.co.rs\/index.php\/product\/buket-ranunkula-cd23296\/\"]}]},{\"@type\":\"ImageObject\",\"inLanguage\":\"en-US\",\"@id\":\"https:\/\/cvetnidekor.co.rs\/index.php\/product\/buket-ranunkula-cd23296\/#primaryimage\",\"url\":\"https:\/\/cvetnidekor.co.rs\/wp-content\/uploads\/2025\/05\/Buket-ranunkula-CD23296.jpg\",\"contentUrl\":\"https:\/\/cvetnidekor.co.rs\/wp-content\/uploads\/2025\/05\/Buket-ranunkula-CD23296.jpg\",\"width\":1200,\"height\":1600,\"caption\":\"buket ve\u0161ta\u010dkih ranunkula u raznim bojama\"},{\"@type\":\"BreadcrumbList\",\"@id\":\"https:\/\/cvetnidekor.co.rs\/index.php\/product\/buket-ranunkula-cd23296\/#breadcrumb\",\"itemListElement\":[{\"@type\":\"ListItem\",\"position\":1,\"name\":\"Naslovna\",\"item\":\"https:\/\/cvetnidekor.co.rs\/\"},{\"@type\":\"ListItem\",\"position\":2,\"name\":\"Ponuda\",\"item\":\"https:\/\/cvetnidekor.co.rs\/index.php\/ponuda\/\"},{\"@type\":\"ListItem\",\"position\":3,\"name\":\"Suvo i ve\u0161ta\u010dko cve\u0107e\",\"item\":\"https:\/\/cvetnidekor.co.rs\/index.php\/product-category\/suvo-i-vestacko-cvece\/\"},{\"@type\":\"ListItem\",\"position\":4,\"name\":\"Buket ranunkula CD23296\"}]},{\"@type\":\"WebSite\",\"@id\":\"https:\/\/cvetnidekor.co.rs\/#website\",\"url\":\"https:\/\/cvetnidekor.co.rs\/\",\"name\":\"CVETNI DEKOR NB d.o.o.\",\"description\":\"Dobro do\u0161li na sajt Cvetni Dekor NB d.o.o. Pogledajte katalog proizvoda koje imamo u ponudi.\",\"publisher\":{\"@id\":\"https:\/\/cvetnidekor.co.rs\/#organization\"},\"potentialAction\":[{\"@type\":\"SearchAction\",\"target\":{\"@type\":\"EntryPoint\",\"urlTemplate\":\"https:\/\/cvetnidekor.co.rs\/?s={search_term_string}\"},\"query-input\":{\"@type\":\"PropertyValueSpecification\",\"valueRequired\":true,\"valueName\":\"search_term_string\"}}],\"inLanguage\":\"en-US\"},{\"@type\":\"Organization\",\"@id\":\"https:\/\/cvetnidekor.co.rs\/#organization\",\"name\":\"Cvetni Dekor NB d.o.o.\",\"url\":\"https:\/\/cvetnidekor.co.rs\/\",\"logo\":{\"@type\":\"ImageObject\",\"inLanguage\":\"en-US\",\"@id\":\"https:\/\/cvetnidekor.co.rs\/#\/schema\/logo\/image\/\",\"url\":\"https:\/\/cvetnidekor.co.rs\/wp-content\/uploads\/2020\/10\/Dekor-logo-.jpg\",\"contentUrl\":\"https:\/\/cvetnidekor.co.rs\/wp-content\/uploads\/2020\/10\/Dekor-logo-.jpg\",\"width\":1110,\"height\":638,\"caption\":\"Cvetni Dekor NB d.o.o.\"},\"image\":{\"@id\":\"https:\/\/cvetnidekor.co.rs\/#\/schema\/logo\/image\/\"},\"sameAs\":[\"https:\/\/www.facebook.com\/cvetni.dekornbdoo\",\"https:\/\/www.instagram.com\/cvetnidekornb\/\"]}]}<\/script>\n<!-- \/ Yoast SEO plugin. -->","yoast_head_json":{"title":"Buket ranunkula CD23296 - CVETNI DEKOR NB d.o.o.","robots":{"index":"index","follow":"follow","max-snippet":"max-snippet:-1","max-image-preview":"max-image-preview:large","max-video-preview":"max-video-preview:-1"},"canonical":"https:\/\/cvetnidekor.co.rs\/index.php\/product\/buket-ranunkula-cd23296\/","og_locale":"en_US","og_type":"article","og_title":"Buket ranunkula CD23296 - CVETNI DEKOR NB d.o.o.","og_description":"Buket ranunkula CD23296","og_url":"https:\/\/cvetnidekor.co.rs\/index.php\/product\/buket-ranunkula-cd23296\/","og_site_name":"CVETNI DEKOR NB d.o.o.","article_publisher":"https:\/\/www.facebook.com\/cvetni.dekornbdoo","og_image":[{"width":1200,"height":1600,"url":"https:\/\/cvetnidekor.co.rs\/wp-content\/uploads\/2025\/05\/Buket-ranunkula-CD23296.jpg","type":"image\/jpeg"}],"twitter_card":"summary_large_image","schema":{"@context":"https:\/\/schema.org","@graph":[{"@type":"WebPage","@id":"https:\/\/cvetnidekor.co.rs\/index.php\/product\/buket-ranunkula-cd23296\/","url":"https:\/\/cvetnidekor.co.rs\/index.php\/product\/buket-ranunkula-cd23296\/","name":"Buket ranunkula CD23296 - CVETNI DEKOR NB d.o.o.","isPartOf":{"@id":"https:\/\/cvetnidekor.co.rs\/#website"},"primaryImageOfPage":{"@id":"https:\/\/cvetnidekor.co.rs\/index.php\/product\/buket-ranunkula-cd23296\/#primaryimage"},"image":{"@id":"https:\/\/cvetnidekor.co.rs\/index.php\/product\/buket-ranunkula-cd23296\/#primaryimage"},"thumbnailUrl":"https:\/\/cvetnidekor.co.rs\/wp-content\/uploads\/2025\/05\/Buket-ranunkula-CD23296.jpg","datePublished":"2025-05-23T08:31:19+00:00","breadcrumb":{"@id":"https:\/\/cvetnidekor.co.rs\/index.php\/product\/buket-ranunkula-cd23296\/#breadcrumb"},"inLanguage":"en-US","potentialAction":[{"@type":"ReadAction","target":["https:\/\/cvetnidekor.co.rs\/index.php\/product\/buket-ranunkula-cd23296\/"]}]},{"@type":"ImageObject","inLanguage":"en-US","@id":"https:\/\/cvetnidekor.co.rs\/index.php\/product\/buket-ranunkula-cd23296\/#primaryimage","url":"https:\/\/cvetnidekor.co.rs\/wp-content\/uploads\/2025\/05\/Buket-ranunkula-CD23296.jpg","contentUrl":"https:\/\/cvetnidekor.co.rs\/wp-content\/uploads\/2025\/05\/Buket-ranunkula-CD23296.jpg","width":1200,"height":1600,"caption":"buket ve\u0161ta\u010dkih ranunkula u raznim bojama"},{"@type":"BreadcrumbList","@id":"https:\/\/cvetnidekor.co.rs\/index.php\/product\/buket-ranunkula-cd23296\/#breadcrumb","itemListElement":[{"@type":"ListItem","position":1,"name":"Naslovna","item":"https:\/\/cvetnidekor.co.rs\/"},{"@type":"ListItem","position":2,"name":"Ponuda","item":"https:\/\/cvetnidekor.co.rs\/index.php\/ponuda\/"},{"@type":"ListItem","position":3,"name":"Suvo i ve\u0161ta\u010dko cve\u0107e","item":"https:\/\/cvetnidekor.co.rs\/index.php\/product-category\/suvo-i-vestacko-cvece\/"},{"@type":"ListItem","position":4,"name":"Buket ranunkula CD23296"}]},{"@type":"WebSite","@id":"https:\/\/cvetnidekor.co.rs\/#website","url":"https:\/\/cvetnidekor.co.rs\/","name":"CVETNI DEKOR NB d.o.o.","description":"Dobro do\u0161li na sajt Cvetni Dekor NB d.o.o. Pogledajte katalog proizvoda koje imamo u ponudi.","publisher":{"@id":"https:\/\/cvetnidekor.co.rs\/#organization"},"potentialAction":[{"@type":"SearchAction","target":{"@type":"EntryPoint","urlTemplate":"https:\/\/cvetnidekor.co.rs\/?s={search_term_string}"},"query-input":{"@type":"PropertyValueSpecification","valueRequired":true,"valueName":"search_term_string"}}],"inLanguage":"en-US"},{"@type":"Organization","@id":"https:\/\/cvetnidekor.co.rs\/#organization","name":"Cvetni Dekor NB d.o.o.","url":"https:\/\/cvetnidekor.co.rs\/","logo":{"@type":"ImageObject","inLanguage":"en-US","@id":"https:\/\/cvetnidekor.co.rs\/#\/schema\/logo\/image\/","url":"https:\/\/cvetnidekor.co.rs\/wp-content\/uploads\/2020\/10\/Dekor-logo-.jpg","contentUrl":"https:\/\/cvetnidekor.co.rs\/wp-content\/uploads\/2020\/10\/Dekor-logo-.jpg","width":1110,"height":638,"caption":"Cvetni Dekor NB d.o.o."},"image":{"@id":"https:\/\/cvetnidekor.co.rs\/#\/schema\/logo\/image\/"},"sameAs":["https:\/\/www.facebook.com\/cvetni.dekornbdoo","https:\/\/www.instagram.com\/cvetnidekornb\/"]}]}},"_links":{"self":[{"href":"https:\/\/cvetnidekor.co.rs\/index.php\/wp-json\/wp\/v2\/product\/4723","targetHints":{"allow":["GET"]}}],"collection":[{"href":"https:\/\/cvetnidekor.co.rs\/index.php\/wp-json\/wp\/v2\/product"}],"about":[{"href":"https:\/\/cvetnidekor.co.rs\/index.php\/wp-json\/wp\/v2\/types\/product"}],"wp:featuredmedia":[{"embeddable":true,"href":"https:\/\/cvetnidekor.co.rs\/index.php\/wp-json\/wp\/v2\/media\/4724"}],"wp:attachment":[{"href":"https:\/\/cvetnidekor.co.rs\/index.php\/wp-json\/wp\/v2\/media?parent=4723"}],"wp:term":[{"taxonomy":"product_brand","embeddable":true,"href":"https:\/\/cvetnidekor.co.rs\/index.php\/wp-json\/wp\/v2\/product_brand?post=4723"},{"taxonomy":"product_cat","embeddable":true,"href":"https:\/\/cvetnidekor.co.rs\/index.php\/wp-json\/wp\/v2\/product_cat?post=4723"},{"taxonomy":"product_tag","embeddable":true,"href":"https:\/\/cvetnidekor.co.rs\/index.php\/wp-json\/wp\/v2\/product_tag?post=4723"}],"curies":[{"name":"wp","href":"https:\/\/api.w.org\/{rel}","templated":true}]}}