{"id":419,"date":"2020-09-08T14:23:31","date_gmt":"2020-09-08T12:23:31","guid":{"rendered":"http:\/\/cvd.brzi.space\/?post_type=product&#038;p=419"},"modified":"2025-02-14T08:21:36","modified_gmt":"2025-02-14T07:21:36","slug":"oasis-praktika-raquettes","status":"publish","type":"product","link":"https:\/\/cvetnidekor.co.rs\/index.php\/product\/oasis-praktika-raquettes\/","title":{"rendered":"OASIS praktika Raquettes"},"content":{"rendered":"<p>Dimenzije<\/p>\n<p>OASIS praktika Raquettes 46cm \u0161ifra: 11-07461<\/p>\n<p>cena <span style=\"color: #632f61;\"><strong>770,00 rsd<\/strong><\/span><\/p>\n<p>OASIS praktika Raquettes 69cm \u0161ifra: 11-07462<\/p>\n<p>cena <strong><span style=\"color: #632f61;\">1120,00 rsd<\/span><\/strong><\/p>\n<p>OASIS praktika Raquettes 92cm \u0161ifra: 11-07463<\/p>\n<p>cena <strong><span style=\"color: #632f61;\">1.500,00 rsd<\/span><\/strong><\/p>\n","protected":false},"excerpt":{"rendered":"<p>Dimenzije<\/p>\n<p>OASIS praktika Raquettes 46cm \u0161ifra: 11-07461<\/p>\n<p>cena <span style=\"color: #632f61;\"><strong>770,00 rsd<\/strong><\/span><\/p>\n<p>OASIS praktika Raquettes 69cm \u0161ifra: 11-07462<\/p>\n<p>cena <strong><span style=\"color: #632f61;\">1120,00 rsd<\/span><\/strong><\/p>\n<p>OASIS praktika Raquettes 92cm \u0161ifra: 11-07463<\/p>\n<p>cena <strong><span style=\"color: #632f61;\">1.500,00 rsd<\/span><\/strong><\/p>\n","protected":false},"featured_media":546,"template":"","meta":{"_monsterinsights_skip_tracking":false,"_monsterinsights_sitenote_active":false,"_monsterinsights_sitenote_note":"","_monsterinsights_sitenote_category":0},"product_brand":[],"product_cat":[37,129],"product_tag":[40,46,49],"class_list":{"0":"post-419","1":"product","2":"type-product","3":"status-publish","4":"has-post-thumbnail","6":"product_cat-oasis","7":"product_cat-proizvodi-od-sundjera","8":"product_tag-oasis","9":"product_tag-praktika","10":"product_tag-raquette","11":"has-thumb","13":"first","14":"instock","15":"taxable","16":"shipping-taxable","17":"product-type-simple"},"yoast_head":"<!-- This site is optimized with the Yoast SEO plugin v27.1.1 - https:\/\/yoast.com\/product\/yoast-seo-wordpress\/ -->\n<title>OASIS praktika Raquettes - CVETNI DEKOR NB d.o.o.<\/title>\n<meta name=\"robots\" content=\"index, follow, max-snippet:-1, max-image-preview:large, max-video-preview:-1\" \/>\n<link rel=\"canonical\" href=\"https:\/\/cvetnidekor.co.rs\/index.php\/product\/oasis-praktika-raquettes\/\" \/>\n<meta property=\"og:locale\" content=\"en_US\" \/>\n<meta property=\"og:type\" content=\"article\" \/>\n<meta property=\"og:title\" content=\"OASIS praktika Raquettes - CVETNI DEKOR NB d.o.o.\" \/>\n<meta property=\"og:description\" content=\"Dimenzije  OASIS praktika Raquettes 46cm \u0161ifra: 11-07461  cena 770,00 rsd  OASIS praktika Raquettes 69cm \u0161ifra: 11-07462  cena 1120,00 rsd  OASIS praktika Raquettes 92cm \u0161ifra: 11-07463  cena 1.500,00 rsd\" \/>\n<meta property=\"og:url\" content=\"https:\/\/cvetnidekor.co.rs\/index.php\/product\/oasis-praktika-raquettes\/\" \/>\n<meta property=\"og:site_name\" content=\"CVETNI DEKOR NB d.o.o.\" \/>\n<meta property=\"article:publisher\" content=\"https:\/\/www.facebook.com\/cvetni.dekornbdoo\" \/>\n<meta property=\"article:modified_time\" content=\"2025-02-14T07:21:36+00:00\" \/>\n<meta property=\"og:image\" content=\"https:\/\/cvetnidekor.co.rs\/wp-content\/uploads\/2020\/09\/Raquettes_org.png\" \/>\n\t<meta property=\"og:image:width\" content=\"500\" \/>\n\t<meta property=\"og:image:height\" content=\"500\" \/>\n\t<meta property=\"og:image:type\" content=\"image\/png\" \/>\n<meta name=\"twitter:card\" content=\"summary_large_image\" \/>\n<meta name=\"twitter:label1\" content=\"Est. reading time\" \/>\n\t<meta name=\"twitter:data1\" content=\"1 minute\" \/>\n<script type=\"application\/ld+json\" class=\"yoast-schema-graph\">{\"@context\":\"https:\/\/schema.org\",\"@graph\":[{\"@type\":\"WebPage\",\"@id\":\"https:\/\/cvetnidekor.co.rs\/index.php\/product\/oasis-praktika-raquettes\/\",\"url\":\"https:\/\/cvetnidekor.co.rs\/index.php\/product\/oasis-praktika-raquettes\/\",\"name\":\"OASIS praktika Raquettes - CVETNI DEKOR NB d.o.o.\",\"isPartOf\":{\"@id\":\"https:\/\/cvetnidekor.co.rs\/#website\"},\"primaryImageOfPage\":{\"@id\":\"https:\/\/cvetnidekor.co.rs\/index.php\/product\/oasis-praktika-raquettes\/#primaryimage\"},\"image\":{\"@id\":\"https:\/\/cvetnidekor.co.rs\/index.php\/product\/oasis-praktika-raquettes\/#primaryimage\"},\"thumbnailUrl\":\"https:\/\/cvetnidekor.co.rs\/wp-content\/uploads\/2020\/09\/Raquettes_org.png\",\"datePublished\":\"2020-09-08T12:23:31+00:00\",\"dateModified\":\"2025-02-14T07:21:36+00:00\",\"breadcrumb\":{\"@id\":\"https:\/\/cvetnidekor.co.rs\/index.php\/product\/oasis-praktika-raquettes\/#breadcrumb\"},\"inLanguage\":\"en-US\",\"potentialAction\":[{\"@type\":\"ReadAction\",\"target\":[\"https:\/\/cvetnidekor.co.rs\/index.php\/product\/oasis-praktika-raquettes\/\"]}]},{\"@type\":\"ImageObject\",\"inLanguage\":\"en-US\",\"@id\":\"https:\/\/cvetnidekor.co.rs\/index.php\/product\/oasis-praktika-raquettes\/#primaryimage\",\"url\":\"https:\/\/cvetnidekor.co.rs\/wp-content\/uploads\/2020\/09\/Raquettes_org.png\",\"contentUrl\":\"https:\/\/cvetnidekor.co.rs\/wp-content\/uploads\/2020\/09\/Raquettes_org.png\",\"width\":500,\"height\":500,\"caption\":\"Oasis praktika Raquettes\"},{\"@type\":\"BreadcrumbList\",\"@id\":\"https:\/\/cvetnidekor.co.rs\/index.php\/product\/oasis-praktika-raquettes\/#breadcrumb\",\"itemListElement\":[{\"@type\":\"ListItem\",\"position\":1,\"name\":\"Naslovna\",\"item\":\"https:\/\/cvetnidekor.co.rs\/\"},{\"@type\":\"ListItem\",\"position\":2,\"name\":\"Ponuda\",\"item\":\"https:\/\/cvetnidekor.co.rs\/index.php\/ponuda\/\"},{\"@type\":\"ListItem\",\"position\":3,\"name\":\"Oasis\",\"item\":\"https:\/\/cvetnidekor.co.rs\/index.php\/product-category\/oasis\/\"},{\"@type\":\"ListItem\",\"position\":4,\"name\":\"Proizvodi od sun\u0111era\",\"item\":\"https:\/\/cvetnidekor.co.rs\/index.php\/product-category\/oasis\/proizvodi-od-sundjera\/\"},{\"@type\":\"ListItem\",\"position\":5,\"name\":\"OASIS praktika Raquettes\"}]},{\"@type\":\"WebSite\",\"@id\":\"https:\/\/cvetnidekor.co.rs\/#website\",\"url\":\"https:\/\/cvetnidekor.co.rs\/\",\"name\":\"CVETNI DEKOR NB d.o.o.\",\"description\":\"Dobro do\u0161li na sajt Cvetni Dekor NB d.o.o. Pogledajte katalog proizvoda koje imamo u ponudi.\",\"publisher\":{\"@id\":\"https:\/\/cvetnidekor.co.rs\/#organization\"},\"potentialAction\":[{\"@type\":\"SearchAction\",\"target\":{\"@type\":\"EntryPoint\",\"urlTemplate\":\"https:\/\/cvetnidekor.co.rs\/?s={search_term_string}\"},\"query-input\":{\"@type\":\"PropertyValueSpecification\",\"valueRequired\":true,\"valueName\":\"search_term_string\"}}],\"inLanguage\":\"en-US\"},{\"@type\":\"Organization\",\"@id\":\"https:\/\/cvetnidekor.co.rs\/#organization\",\"name\":\"Cvetni Dekor NB d.o.o.\",\"url\":\"https:\/\/cvetnidekor.co.rs\/\",\"logo\":{\"@type\":\"ImageObject\",\"inLanguage\":\"en-US\",\"@id\":\"https:\/\/cvetnidekor.co.rs\/#\/schema\/logo\/image\/\",\"url\":\"https:\/\/cvetnidekor.co.rs\/wp-content\/uploads\/2020\/10\/Dekor-logo-.jpg\",\"contentUrl\":\"https:\/\/cvetnidekor.co.rs\/wp-content\/uploads\/2020\/10\/Dekor-logo-.jpg\",\"width\":1110,\"height\":638,\"caption\":\"Cvetni Dekor NB d.o.o.\"},\"image\":{\"@id\":\"https:\/\/cvetnidekor.co.rs\/#\/schema\/logo\/image\/\"},\"sameAs\":[\"https:\/\/www.facebook.com\/cvetni.dekornbdoo\",\"https:\/\/www.instagram.com\/cvetnidekornb\/\"]}]}<\/script>\n<!-- \/ Yoast SEO plugin. -->","yoast_head_json":{"title":"OASIS praktika Raquettes - CVETNI DEKOR NB d.o.o.","robots":{"index":"index","follow":"follow","max-snippet":"max-snippet:-1","max-image-preview":"max-image-preview:large","max-video-preview":"max-video-preview:-1"},"canonical":"https:\/\/cvetnidekor.co.rs\/index.php\/product\/oasis-praktika-raquettes\/","og_locale":"en_US","og_type":"article","og_title":"OASIS praktika Raquettes - CVETNI DEKOR NB d.o.o.","og_description":"Dimenzije  OASIS praktika Raquettes 46cm \u0161ifra: 11-07461  cena 770,00 rsd  OASIS praktika Raquettes 69cm \u0161ifra: 11-07462  cena 1120,00 rsd  OASIS praktika Raquettes 92cm \u0161ifra: 11-07463  cena 1.500,00 rsd","og_url":"https:\/\/cvetnidekor.co.rs\/index.php\/product\/oasis-praktika-raquettes\/","og_site_name":"CVETNI DEKOR NB d.o.o.","article_publisher":"https:\/\/www.facebook.com\/cvetni.dekornbdoo","article_modified_time":"2025-02-14T07:21:36+00:00","og_image":[{"width":500,"height":500,"url":"https:\/\/cvetnidekor.co.rs\/wp-content\/uploads\/2020\/09\/Raquettes_org.png","type":"image\/png"}],"twitter_card":"summary_large_image","twitter_misc":{"Est. reading time":"1 minute"},"schema":{"@context":"https:\/\/schema.org","@graph":[{"@type":"WebPage","@id":"https:\/\/cvetnidekor.co.rs\/index.php\/product\/oasis-praktika-raquettes\/","url":"https:\/\/cvetnidekor.co.rs\/index.php\/product\/oasis-praktika-raquettes\/","name":"OASIS praktika Raquettes - CVETNI DEKOR NB d.o.o.","isPartOf":{"@id":"https:\/\/cvetnidekor.co.rs\/#website"},"primaryImageOfPage":{"@id":"https:\/\/cvetnidekor.co.rs\/index.php\/product\/oasis-praktika-raquettes\/#primaryimage"},"image":{"@id":"https:\/\/cvetnidekor.co.rs\/index.php\/product\/oasis-praktika-raquettes\/#primaryimage"},"thumbnailUrl":"https:\/\/cvetnidekor.co.rs\/wp-content\/uploads\/2020\/09\/Raquettes_org.png","datePublished":"2020-09-08T12:23:31+00:00","dateModified":"2025-02-14T07:21:36+00:00","breadcrumb":{"@id":"https:\/\/cvetnidekor.co.rs\/index.php\/product\/oasis-praktika-raquettes\/#breadcrumb"},"inLanguage":"en-US","potentialAction":[{"@type":"ReadAction","target":["https:\/\/cvetnidekor.co.rs\/index.php\/product\/oasis-praktika-raquettes\/"]}]},{"@type":"ImageObject","inLanguage":"en-US","@id":"https:\/\/cvetnidekor.co.rs\/index.php\/product\/oasis-praktika-raquettes\/#primaryimage","url":"https:\/\/cvetnidekor.co.rs\/wp-content\/uploads\/2020\/09\/Raquettes_org.png","contentUrl":"https:\/\/cvetnidekor.co.rs\/wp-content\/uploads\/2020\/09\/Raquettes_org.png","width":500,"height":500,"caption":"Oasis praktika Raquettes"},{"@type":"BreadcrumbList","@id":"https:\/\/cvetnidekor.co.rs\/index.php\/product\/oasis-praktika-raquettes\/#breadcrumb","itemListElement":[{"@type":"ListItem","position":1,"name":"Naslovna","item":"https:\/\/cvetnidekor.co.rs\/"},{"@type":"ListItem","position":2,"name":"Ponuda","item":"https:\/\/cvetnidekor.co.rs\/index.php\/ponuda\/"},{"@type":"ListItem","position":3,"name":"Oasis","item":"https:\/\/cvetnidekor.co.rs\/index.php\/product-category\/oasis\/"},{"@type":"ListItem","position":4,"name":"Proizvodi od sun\u0111era","item":"https:\/\/cvetnidekor.co.rs\/index.php\/product-category\/oasis\/proizvodi-od-sundjera\/"},{"@type":"ListItem","position":5,"name":"OASIS praktika Raquettes"}]},{"@type":"WebSite","@id":"https:\/\/cvetnidekor.co.rs\/#website","url":"https:\/\/cvetnidekor.co.rs\/","name":"CVETNI DEKOR NB d.o.o.","description":"Dobro do\u0161li na sajt Cvetni Dekor NB d.o.o. Pogledajte katalog proizvoda koje imamo u ponudi.","publisher":{"@id":"https:\/\/cvetnidekor.co.rs\/#organization"},"potentialAction":[{"@type":"SearchAction","target":{"@type":"EntryPoint","urlTemplate":"https:\/\/cvetnidekor.co.rs\/?s={search_term_string}"},"query-input":{"@type":"PropertyValueSpecification","valueRequired":true,"valueName":"search_term_string"}}],"inLanguage":"en-US"},{"@type":"Organization","@id":"https:\/\/cvetnidekor.co.rs\/#organization","name":"Cvetni Dekor NB d.o.o.","url":"https:\/\/cvetnidekor.co.rs\/","logo":{"@type":"ImageObject","inLanguage":"en-US","@id":"https:\/\/cvetnidekor.co.rs\/#\/schema\/logo\/image\/","url":"https:\/\/cvetnidekor.co.rs\/wp-content\/uploads\/2020\/10\/Dekor-logo-.jpg","contentUrl":"https:\/\/cvetnidekor.co.rs\/wp-content\/uploads\/2020\/10\/Dekor-logo-.jpg","width":1110,"height":638,"caption":"Cvetni Dekor NB d.o.o."},"image":{"@id":"https:\/\/cvetnidekor.co.rs\/#\/schema\/logo\/image\/"},"sameAs":["https:\/\/www.facebook.com\/cvetni.dekornbdoo","https:\/\/www.instagram.com\/cvetnidekornb\/"]}]}},"_links":{"self":[{"href":"https:\/\/cvetnidekor.co.rs\/index.php\/wp-json\/wp\/v2\/product\/419","targetHints":{"allow":["GET"]}}],"collection":[{"href":"https:\/\/cvetnidekor.co.rs\/index.php\/wp-json\/wp\/v2\/product"}],"about":[{"href":"https:\/\/cvetnidekor.co.rs\/index.php\/wp-json\/wp\/v2\/types\/product"}],"wp:featuredmedia":[{"embeddable":true,"href":"https:\/\/cvetnidekor.co.rs\/index.php\/wp-json\/wp\/v2\/media\/546"}],"wp:attachment":[{"href":"https:\/\/cvetnidekor.co.rs\/index.php\/wp-json\/wp\/v2\/media?parent=419"}],"wp:term":[{"taxonomy":"product_brand","embeddable":true,"href":"https:\/\/cvetnidekor.co.rs\/index.php\/wp-json\/wp\/v2\/product_brand?post=419"},{"taxonomy":"product_cat","embeddable":true,"href":"https:\/\/cvetnidekor.co.rs\/index.php\/wp-json\/wp\/v2\/product_cat?post=419"},{"taxonomy":"product_tag","embeddable":true,"href":"https:\/\/cvetnidekor.co.rs\/index.php\/wp-json\/wp\/v2\/product_tag?post=419"}],"curies":[{"name":"wp","href":"https:\/\/api.w.org\/{rel}","templated":true}]}}