{"id":3331,"date":"2022-08-25T08:37:46","date_gmt":"2022-08-25T06:37:46","guid":{"rendered":"https:\/\/cvetnidekor.co.rs\/?post_type=product&#038;p=3331"},"modified":"2022-08-25T08:46:07","modified_gmt":"2022-08-25T06:46:07","slug":"psenica-200g","status":"publish","type":"product","link":"https:\/\/cvetnidekor.co.rs\/index.php\/product\/psenica-200g\/","title":{"rendered":"P\u0161enica 200g"},"content":{"rendered":"<p>P\u0161enica buket 200g<\/p>\n<p>Odli\u010dan kvalitet, samo u na\u0161em katalogu ponuda.<\/p>\n<p>Suvo i ve\u0161ta\u010dko cve\u0107e<\/p>\n","protected":false},"excerpt":{"rendered":"<p>P\u0161enica buket 200g<\/p>\n","protected":false},"featured_media":3332,"template":"","meta":{"_monsterinsights_skip_tracking":false,"_monsterinsights_sitenote_active":false,"_monsterinsights_sitenote_note":"","_monsterinsights_sitenote_category":0},"product_brand":[],"product_cat":[165],"product_tag":[196],"class_list":{"0":"post-3331","1":"product","2":"type-product","3":"status-publish","4":"has-post-thumbnail","6":"product_cat-suvo-i-vestacko-cvece","7":"product_tag-psenica","8":"has-thumb","10":"first","11":"instock","12":"taxable","13":"shipping-taxable","14":"purchasable","15":"product-type-simple"},"yoast_head":"<!-- This site is optimized with the Yoast SEO plugin v27.1.1 - https:\/\/yoast.com\/product\/yoast-seo-wordpress\/ -->\n<title>P\u0161enica 200g - CVETNI DEKOR NB d.o.o.<\/title>\n<meta name=\"description\" content=\"P\u0161enica buket 200g odli\u010dnog kvaliteta u na\u0161em katalogu ponuda. Za vi\u0161e informacija kontaktirajte nas putem telefona ili e-mail adrese.\" \/>\n<meta name=\"robots\" content=\"index, follow, max-snippet:-1, max-image-preview:large, max-video-preview:-1\" \/>\n<link rel=\"canonical\" href=\"https:\/\/cvetnidekor.co.rs\/index.php\/product\/psenica-200g\/\" \/>\n<meta property=\"og:locale\" content=\"en_US\" \/>\n<meta property=\"og:type\" content=\"article\" \/>\n<meta property=\"og:title\" content=\"P\u0161enica 200g - CVETNI DEKOR NB d.o.o.\" \/>\n<meta property=\"og:description\" content=\"P\u0161enica buket 200g odli\u010dnog kvaliteta u na\u0161em katalogu ponuda. Za vi\u0161e informacija kontaktirajte nas putem telefona ili e-mail adrese.\" \/>\n<meta property=\"og:url\" content=\"https:\/\/cvetnidekor.co.rs\/index.php\/product\/psenica-200g\/\" \/>\n<meta property=\"og:site_name\" content=\"CVETNI DEKOR NB d.o.o.\" \/>\n<meta property=\"article:publisher\" content=\"https:\/\/www.facebook.com\/cvetni.dekornbdoo\" \/>\n<meta property=\"article:modified_time\" content=\"2022-08-25T06:46:07+00:00\" \/>\n<meta property=\"og:image\" content=\"https:\/\/cvetnidekor.co.rs\/wp-content\/uploads\/2022\/08\/psenica.jpg\" \/>\n\t<meta property=\"og:image:width\" content=\"832\" \/>\n\t<meta property=\"og:image:height\" content=\"1800\" \/>\n\t<meta property=\"og:image:type\" content=\"image\/jpeg\" \/>\n<meta name=\"twitter:card\" content=\"summary_large_image\" \/>\n<script type=\"application\/ld+json\" class=\"yoast-schema-graph\">{\"@context\":\"https:\/\/schema.org\",\"@graph\":[{\"@type\":\"WebPage\",\"@id\":\"https:\/\/cvetnidekor.co.rs\/index.php\/product\/psenica-200g\/\",\"url\":\"https:\/\/cvetnidekor.co.rs\/index.php\/product\/psenica-200g\/\",\"name\":\"P\u0161enica 200g - CVETNI DEKOR NB d.o.o.\",\"isPartOf\":{\"@id\":\"https:\/\/cvetnidekor.co.rs\/#website\"},\"primaryImageOfPage\":{\"@id\":\"https:\/\/cvetnidekor.co.rs\/index.php\/product\/psenica-200g\/#primaryimage\"},\"image\":{\"@id\":\"https:\/\/cvetnidekor.co.rs\/index.php\/product\/psenica-200g\/#primaryimage\"},\"thumbnailUrl\":\"https:\/\/cvetnidekor.co.rs\/wp-content\/uploads\/2022\/08\/psenica.jpg\",\"datePublished\":\"2022-08-25T06:37:46+00:00\",\"dateModified\":\"2022-08-25T06:46:07+00:00\",\"description\":\"P\u0161enica buket 200g odli\u010dnog kvaliteta u na\u0161em katalogu ponuda. Za vi\u0161e informacija kontaktirajte nas putem telefona ili e-mail adrese.\",\"breadcrumb\":{\"@id\":\"https:\/\/cvetnidekor.co.rs\/index.php\/product\/psenica-200g\/#breadcrumb\"},\"inLanguage\":\"en-US\",\"potentialAction\":[{\"@type\":\"ReadAction\",\"target\":[\"https:\/\/cvetnidekor.co.rs\/index.php\/product\/psenica-200g\/\"]}]},{\"@type\":\"ImageObject\",\"inLanguage\":\"en-US\",\"@id\":\"https:\/\/cvetnidekor.co.rs\/index.php\/product\/psenica-200g\/#primaryimage\",\"url\":\"https:\/\/cvetnidekor.co.rs\/wp-content\/uploads\/2022\/08\/psenica.jpg\",\"contentUrl\":\"https:\/\/cvetnidekor.co.rs\/wp-content\/uploads\/2022\/08\/psenica.jpg\",\"width\":832,\"height\":1800,\"caption\":\"P\u0161enica buket 200g\"},{\"@type\":\"BreadcrumbList\",\"@id\":\"https:\/\/cvetnidekor.co.rs\/index.php\/product\/psenica-200g\/#breadcrumb\",\"itemListElement\":[{\"@type\":\"ListItem\",\"position\":1,\"name\":\"Naslovna\",\"item\":\"https:\/\/cvetnidekor.co.rs\/\"},{\"@type\":\"ListItem\",\"position\":2,\"name\":\"Ponuda\",\"item\":\"https:\/\/cvetnidekor.co.rs\/index.php\/ponuda\/\"},{\"@type\":\"ListItem\",\"position\":3,\"name\":\"Suvo i ve\u0161ta\u010dko cve\u0107e\",\"item\":\"https:\/\/cvetnidekor.co.rs\/index.php\/product-category\/suvo-i-vestacko-cvece\/\"},{\"@type\":\"ListItem\",\"position\":4,\"name\":\"P\u0161enica 200g\"}]},{\"@type\":\"WebSite\",\"@id\":\"https:\/\/cvetnidekor.co.rs\/#website\",\"url\":\"https:\/\/cvetnidekor.co.rs\/\",\"name\":\"CVETNI DEKOR NB d.o.o.\",\"description\":\"Dobro do\u0161li na sajt Cvetni Dekor NB d.o.o. Pogledajte katalog proizvoda koje imamo u ponudi.\",\"publisher\":{\"@id\":\"https:\/\/cvetnidekor.co.rs\/#organization\"},\"potentialAction\":[{\"@type\":\"SearchAction\",\"target\":{\"@type\":\"EntryPoint\",\"urlTemplate\":\"https:\/\/cvetnidekor.co.rs\/?s={search_term_string}\"},\"query-input\":{\"@type\":\"PropertyValueSpecification\",\"valueRequired\":true,\"valueName\":\"search_term_string\"}}],\"inLanguage\":\"en-US\"},{\"@type\":\"Organization\",\"@id\":\"https:\/\/cvetnidekor.co.rs\/#organization\",\"name\":\"Cvetni Dekor NB d.o.o.\",\"url\":\"https:\/\/cvetnidekor.co.rs\/\",\"logo\":{\"@type\":\"ImageObject\",\"inLanguage\":\"en-US\",\"@id\":\"https:\/\/cvetnidekor.co.rs\/#\/schema\/logo\/image\/\",\"url\":\"https:\/\/cvetnidekor.co.rs\/wp-content\/uploads\/2020\/10\/Dekor-logo-.jpg\",\"contentUrl\":\"https:\/\/cvetnidekor.co.rs\/wp-content\/uploads\/2020\/10\/Dekor-logo-.jpg\",\"width\":1110,\"height\":638,\"caption\":\"Cvetni Dekor NB d.o.o.\"},\"image\":{\"@id\":\"https:\/\/cvetnidekor.co.rs\/#\/schema\/logo\/image\/\"},\"sameAs\":[\"https:\/\/www.facebook.com\/cvetni.dekornbdoo\",\"https:\/\/www.instagram.com\/cvetnidekornb\/\"]}]}<\/script>\n<!-- \/ Yoast SEO plugin. -->","yoast_head_json":{"title":"P\u0161enica 200g - CVETNI DEKOR NB d.o.o.","description":"P\u0161enica buket 200g odli\u010dnog kvaliteta u na\u0161em katalogu ponuda. Za vi\u0161e informacija kontaktirajte nas putem telefona ili e-mail adrese.","robots":{"index":"index","follow":"follow","max-snippet":"max-snippet:-1","max-image-preview":"max-image-preview:large","max-video-preview":"max-video-preview:-1"},"canonical":"https:\/\/cvetnidekor.co.rs\/index.php\/product\/psenica-200g\/","og_locale":"en_US","og_type":"article","og_title":"P\u0161enica 200g - CVETNI DEKOR NB d.o.o.","og_description":"P\u0161enica buket 200g odli\u010dnog kvaliteta u na\u0161em katalogu ponuda. Za vi\u0161e informacija kontaktirajte nas putem telefona ili e-mail adrese.","og_url":"https:\/\/cvetnidekor.co.rs\/index.php\/product\/psenica-200g\/","og_site_name":"CVETNI DEKOR NB d.o.o.","article_publisher":"https:\/\/www.facebook.com\/cvetni.dekornbdoo","article_modified_time":"2022-08-25T06:46:07+00:00","og_image":[{"width":832,"height":1800,"url":"https:\/\/cvetnidekor.co.rs\/wp-content\/uploads\/2022\/08\/psenica.jpg","type":"image\/jpeg"}],"twitter_card":"summary_large_image","schema":{"@context":"https:\/\/schema.org","@graph":[{"@type":"WebPage","@id":"https:\/\/cvetnidekor.co.rs\/index.php\/product\/psenica-200g\/","url":"https:\/\/cvetnidekor.co.rs\/index.php\/product\/psenica-200g\/","name":"P\u0161enica 200g - CVETNI DEKOR NB d.o.o.","isPartOf":{"@id":"https:\/\/cvetnidekor.co.rs\/#website"},"primaryImageOfPage":{"@id":"https:\/\/cvetnidekor.co.rs\/index.php\/product\/psenica-200g\/#primaryimage"},"image":{"@id":"https:\/\/cvetnidekor.co.rs\/index.php\/product\/psenica-200g\/#primaryimage"},"thumbnailUrl":"https:\/\/cvetnidekor.co.rs\/wp-content\/uploads\/2022\/08\/psenica.jpg","datePublished":"2022-08-25T06:37:46+00:00","dateModified":"2022-08-25T06:46:07+00:00","description":"P\u0161enica buket 200g odli\u010dnog kvaliteta u na\u0161em katalogu ponuda. Za vi\u0161e informacija kontaktirajte nas putem telefona ili e-mail adrese.","breadcrumb":{"@id":"https:\/\/cvetnidekor.co.rs\/index.php\/product\/psenica-200g\/#breadcrumb"},"inLanguage":"en-US","potentialAction":[{"@type":"ReadAction","target":["https:\/\/cvetnidekor.co.rs\/index.php\/product\/psenica-200g\/"]}]},{"@type":"ImageObject","inLanguage":"en-US","@id":"https:\/\/cvetnidekor.co.rs\/index.php\/product\/psenica-200g\/#primaryimage","url":"https:\/\/cvetnidekor.co.rs\/wp-content\/uploads\/2022\/08\/psenica.jpg","contentUrl":"https:\/\/cvetnidekor.co.rs\/wp-content\/uploads\/2022\/08\/psenica.jpg","width":832,"height":1800,"caption":"P\u0161enica buket 200g"},{"@type":"BreadcrumbList","@id":"https:\/\/cvetnidekor.co.rs\/index.php\/product\/psenica-200g\/#breadcrumb","itemListElement":[{"@type":"ListItem","position":1,"name":"Naslovna","item":"https:\/\/cvetnidekor.co.rs\/"},{"@type":"ListItem","position":2,"name":"Ponuda","item":"https:\/\/cvetnidekor.co.rs\/index.php\/ponuda\/"},{"@type":"ListItem","position":3,"name":"Suvo i ve\u0161ta\u010dko cve\u0107e","item":"https:\/\/cvetnidekor.co.rs\/index.php\/product-category\/suvo-i-vestacko-cvece\/"},{"@type":"ListItem","position":4,"name":"P\u0161enica 200g"}]},{"@type":"WebSite","@id":"https:\/\/cvetnidekor.co.rs\/#website","url":"https:\/\/cvetnidekor.co.rs\/","name":"CVETNI DEKOR NB d.o.o.","description":"Dobro do\u0161li na sajt Cvetni Dekor NB d.o.o. Pogledajte katalog proizvoda koje imamo u ponudi.","publisher":{"@id":"https:\/\/cvetnidekor.co.rs\/#organization"},"potentialAction":[{"@type":"SearchAction","target":{"@type":"EntryPoint","urlTemplate":"https:\/\/cvetnidekor.co.rs\/?s={search_term_string}"},"query-input":{"@type":"PropertyValueSpecification","valueRequired":true,"valueName":"search_term_string"}}],"inLanguage":"en-US"},{"@type":"Organization","@id":"https:\/\/cvetnidekor.co.rs\/#organization","name":"Cvetni Dekor NB d.o.o.","url":"https:\/\/cvetnidekor.co.rs\/","logo":{"@type":"ImageObject","inLanguage":"en-US","@id":"https:\/\/cvetnidekor.co.rs\/#\/schema\/logo\/image\/","url":"https:\/\/cvetnidekor.co.rs\/wp-content\/uploads\/2020\/10\/Dekor-logo-.jpg","contentUrl":"https:\/\/cvetnidekor.co.rs\/wp-content\/uploads\/2020\/10\/Dekor-logo-.jpg","width":1110,"height":638,"caption":"Cvetni Dekor NB d.o.o."},"image":{"@id":"https:\/\/cvetnidekor.co.rs\/#\/schema\/logo\/image\/"},"sameAs":["https:\/\/www.facebook.com\/cvetni.dekornbdoo","https:\/\/www.instagram.com\/cvetnidekornb\/"]}]}},"_links":{"self":[{"href":"https:\/\/cvetnidekor.co.rs\/index.php\/wp-json\/wp\/v2\/product\/3331","targetHints":{"allow":["GET"]}}],"collection":[{"href":"https:\/\/cvetnidekor.co.rs\/index.php\/wp-json\/wp\/v2\/product"}],"about":[{"href":"https:\/\/cvetnidekor.co.rs\/index.php\/wp-json\/wp\/v2\/types\/product"}],"wp:featuredmedia":[{"embeddable":true,"href":"https:\/\/cvetnidekor.co.rs\/index.php\/wp-json\/wp\/v2\/media\/3332"}],"wp:attachment":[{"href":"https:\/\/cvetnidekor.co.rs\/index.php\/wp-json\/wp\/v2\/media?parent=3331"}],"wp:term":[{"taxonomy":"product_brand","embeddable":true,"href":"https:\/\/cvetnidekor.co.rs\/index.php\/wp-json\/wp\/v2\/product_brand?post=3331"},{"taxonomy":"product_cat","embeddable":true,"href":"https:\/\/cvetnidekor.co.rs\/index.php\/wp-json\/wp\/v2\/product_cat?post=3331"},{"taxonomy":"product_tag","embeddable":true,"href":"https:\/\/cvetnidekor.co.rs\/index.php\/wp-json\/wp\/v2\/product_tag?post=3331"}],"curies":[{"name":"wp","href":"https:\/\/api.w.org\/{rel}","templated":true}]}}