{"id":21,"date":"2020-07-20T13:00:38","date_gmt":"2020-07-20T13:00:38","guid":{"rendered":"http:\/\/cvd.brzi.space\/?page_id=21"},"modified":"2026-03-23T15:59:53","modified_gmt":"2026-03-23T14:59:53","slug":"kontakt","status":"publish","type":"page","link":"https:\/\/cvetnidekor.co.rs\/index.php\/kontakt\/","title":{"rendered":"Kontakt"},"content":{"rendered":"\t\t<div data-elementor-type=\"wp-page\" data-elementor-id=\"21\" class=\"elementor elementor-21\" data-elementor-post-type=\"page\">\n\t\t\t\t\t\t<section class=\"elementor-section elementor-top-section elementor-element elementor-element-2080574 elementor-section-boxed elementor-section-height-default elementor-section-height-default\" data-id=\"2080574\" data-element_type=\"section\" data-e-type=\"section\">\n\t\t\t\t\t\t<div class=\"elementor-container elementor-column-gap-default\">\n\t\t\t\t\t<div class=\"elementor-column elementor-col-100 elementor-top-column elementor-element elementor-element-151ffcd\" data-id=\"151ffcd\" data-element_type=\"column\" data-e-type=\"column\">\n\t\t\t<div class=\"elementor-widget-wrap elementor-element-populated\">\n\t\t\t\t\t\t<div class=\"elementor-element elementor-element-9eb5e26 elementor-widget elementor-widget-spacer\" data-id=\"9eb5e26\" data-element_type=\"widget\" data-e-type=\"widget\" data-widget_type=\"spacer.default\">\n\t\t\t\t<div class=\"elementor-widget-container\">\n\t\t\t\t\t\t\t<div class=\"elementor-spacer\">\n\t\t\t<div class=\"elementor-spacer-inner\"><\/div>\n\t\t<\/div>\n\t\t\t\t\t\t<\/div>\n\t\t\t\t<\/div>\n\t\t\t\t\t<\/div>\n\t\t<\/div>\n\t\t\t\t\t<\/div>\n\t\t<\/section>\n\t\t\t\t<section class=\"elementor-section elementor-top-section elementor-element elementor-element-6b15e2fb elementor-section-full_width elementor-section-height-min-height elementor-reverse-mobile elementor-section-height-default elementor-section-items-middle elementor-invisible\" data-id=\"6b15e2fb\" data-element_type=\"section\" data-e-type=\"section\" data-settings=\"{&quot;background_background&quot;:&quot;classic&quot;,&quot;animation&quot;:&quot;fadeInUp&quot;}\">\n\t\t\t\t\t\t\t<div class=\"elementor-background-overlay\"><\/div>\n\t\t\t\t\t\t\t<div class=\"elementor-container elementor-column-gap-default\">\n\t\t\t\t\t<div class=\"elementor-column elementor-col-100 elementor-top-column elementor-element elementor-element-84ac65f\" data-id=\"84ac65f\" data-element_type=\"column\" data-e-type=\"column\">\n\t\t\t<div class=\"elementor-widget-wrap elementor-element-populated\">\n\t\t\t\t\t\t<div class=\"elementor-element elementor-element-27adacf elementor-widget elementor-widget-heading\" data-id=\"27adacf\" data-element_type=\"widget\" data-e-type=\"widget\" data-widget_type=\"heading.default\">\n\t\t\t\t<div class=\"elementor-widget-container\">\n\t\t\t\t\t<h1 class=\"elementor-heading-title elementor-size-large\">Kontaktirajte nas<\/h1>\t\t\t\t<\/div>\n\t\t\t\t<\/div>\n\t\t\t\t\t<\/div>\n\t\t<\/div>\n\t\t\t\t\t<\/div>\n\t\t<\/section>\n\t\t\t\t<section class=\"elementor-section elementor-top-section elementor-element elementor-element-6cc60c6c elementor-section-boxed elementor-section-height-default elementor-section-height-default elementor-invisible\" data-id=\"6cc60c6c\" data-element_type=\"section\" data-e-type=\"section\" data-settings=\"{&quot;background_background&quot;:&quot;classic&quot;,&quot;animation&quot;:&quot;fadeInUp&quot;}\">\n\t\t\t\t\t\t<div class=\"elementor-container elementor-column-gap-default\">\n\t\t\t\t\t<div class=\"elementor-column elementor-col-50 elementor-top-column elementor-element elementor-element-47a5db82\" data-id=\"47a5db82\" data-element_type=\"column\" data-e-type=\"column\">\n\t\t\t<div class=\"elementor-widget-wrap elementor-element-populated\">\n\t\t\t\t\t\t<div class=\"elementor-element elementor-element-2c351448 elementor-widget elementor-widget-heading\" data-id=\"2c351448\" data-element_type=\"widget\" data-e-type=\"widget\" data-widget_type=\"heading.default\">\n\t\t\t\t<div class=\"elementor-widget-container\">\n\t\t\t\t\t<h2 class=\"elementor-heading-title elementor-size-large\">Pi\u0161ite nam<\/h2>\t\t\t\t<\/div>\n\t\t\t\t<\/div>\n\t\t\t\t<div class=\"elementor-element elementor-element-b3aadb7 elementor-widget elementor-widget-spacer\" data-id=\"b3aadb7\" data-element_type=\"widget\" data-e-type=\"widget\" data-widget_type=\"spacer.default\">\n\t\t\t\t<div class=\"elementor-widget-container\">\n\t\t\t\t\t\t\t<div class=\"elementor-spacer\">\n\t\t\t<div class=\"elementor-spacer-inner\"><\/div>\n\t\t<\/div>\n\t\t\t\t\t\t<\/div>\n\t\t\t\t<\/div>\n\t\t\t\t<div class=\"elementor-element elementor-element-818f31b elementor-widget elementor-widget-text-editor\" data-id=\"818f31b\" data-element_type=\"widget\" data-e-type=\"widget\" data-widget_type=\"text-editor.default\">\n\t\t\t\t<div class=\"elementor-widget-container\">\n\t\t\t\t\t\t\t\t\t<p>Sajt je informativnog karaktera i postoji mogu\u0107nost nenamerne gre\u0161ke prilikom unosa podataka. Tako\u0111e postoji mogu\u0107nost da do\u0111e do promene ponude i cena a da administrator nije u mogu\u0107nosti da trenutno izmeni ponudu. Za sve dodatne informacije kontkatirajte nas putem mejla ili telefonom.<\/p>\t\t\t\t\t\t\t\t<\/div>\n\t\t\t\t<\/div>\n\t\t\t\t\t<\/div>\n\t\t<\/div>\n\t\t\t\t<div class=\"elementor-column elementor-col-50 elementor-top-column elementor-element elementor-element-7af0d84c\" data-id=\"7af0d84c\" data-element_type=\"column\" data-e-type=\"column\" data-settings=\"{&quot;background_background&quot;:&quot;classic&quot;}\">\n\t\t\t<div class=\"elementor-widget-wrap elementor-element-populated\">\n\t\t\t\t\t\t<div class=\"elementor-element elementor-element-7cea8063 elementor-button-align-end elementor-mobile-button-align-stretch elementor-widget elementor-widget-form\" data-id=\"7cea8063\" data-element_type=\"widget\" data-e-type=\"widget\" data-settings=\"{&quot;step_next_label&quot;:&quot;Next&quot;,&quot;step_previous_label&quot;:&quot;Previous&quot;,&quot;button_width&quot;:&quot;100&quot;,&quot;step_type&quot;:&quot;number_text&quot;,&quot;step_icon_shape&quot;:&quot;circle&quot;}\" data-widget_type=\"form.default\">\n\t\t\t\t<div class=\"elementor-widget-container\">\n\t\t\t\t\t\t\t<form class=\"elementor-form\" method=\"post\" name=\"Contact Us\">\n\t\t\t<input type=\"hidden\" name=\"post_id\" value=\"21\"\/>\n\t\t\t<input type=\"hidden\" name=\"form_id\" value=\"7cea8063\"\/>\n\t\t\t<input type=\"hidden\" name=\"referer_title\" value=\"Kontakt - CVETNI DEKOR NB d.o.o.\" \/>\n\n\t\t\t\t\t\t\t<input type=\"hidden\" name=\"queried_id\" value=\"21\"\/>\n\t\t\t\n\t\t\t<div class=\"elementor-form-fields-wrapper elementor-labels-\">\n\t\t\t\t\t\t\t\t<div class=\"elementor-field-type-text elementor-field-group elementor-column elementor-field-group-name elementor-col-50 elementor-field-required\">\n\t\t\t\t\t\t\t\t\t\t\t\t<label for=\"form-field-name\" class=\"elementor-field-label elementor-screen-only\">\n\t\t\t\t\t\t\t\tName\t\t\t\t\t\t\t<\/label>\n\t\t\t\t\t\t\t\t\t\t\t\t\t\t<input size=\"1\" type=\"text\" name=\"form_fields[name]\" id=\"form-field-name\" class=\"elementor-field elementor-size-sm  elementor-field-textual\" placeholder=\"Ime\" required=\"required\">\n\t\t\t\t\t\t\t\t\t\t\t<\/div>\n\t\t\t\t\t\t\t\t<div class=\"elementor-field-type-email elementor-field-group elementor-column elementor-field-group-email elementor-col-50 elementor-field-required\">\n\t\t\t\t\t\t\t\t\t\t\t\t<label for=\"form-field-email\" class=\"elementor-field-label elementor-screen-only\">\n\t\t\t\t\t\t\t\tEmail\t\t\t\t\t\t\t<\/label>\n\t\t\t\t\t\t\t\t\t\t\t\t\t\t<input size=\"1\" type=\"email\" name=\"form_fields[email]\" id=\"form-field-email\" class=\"elementor-field elementor-size-sm  elementor-field-textual\" placeholder=\"E-mail\" required=\"required\">\n\t\t\t\t\t\t\t\t\t\t\t<\/div>\n\t\t\t\t\t\t\t\t<div class=\"elementor-field-type-text elementor-field-group elementor-column elementor-field-group-field_d2eac53 elementor-col-100\">\n\t\t\t\t\t\t\t\t\t\t\t\t<label for=\"form-field-field_d2eac53\" class=\"elementor-field-label elementor-screen-only\">\n\t\t\t\t\t\t\t\tCompany name\t\t\t\t\t\t\t<\/label>\n\t\t\t\t\t\t\t\t\t\t\t\t\t\t<input size=\"1\" type=\"text\" name=\"form_fields[field_d2eac53]\" id=\"form-field-field_d2eac53\" class=\"elementor-field elementor-size-sm  elementor-field-textual\" placeholder=\"Ime kompanije\">\n\t\t\t\t\t\t\t\t\t\t\t<\/div>\n\t\t\t\t\t\t\t\t<div class=\"elementor-field-type-text elementor-field-group elementor-column elementor-field-group-field_1 elementor-col-100 elementor-field-required\">\n\t\t\t\t\t\t\t\t\t\t\t\t<label for=\"form-field-field_1\" class=\"elementor-field-label elementor-screen-only\">\n\t\t\t\t\t\t\t\tSubject\t\t\t\t\t\t\t<\/label>\n\t\t\t\t\t\t\t\t\t\t\t\t\t\t<input size=\"1\" type=\"text\" name=\"form_fields[field_1]\" id=\"form-field-field_1\" class=\"elementor-field elementor-size-sm  elementor-field-textual\" placeholder=\"Naslov\" required=\"required\">\n\t\t\t\t\t\t\t\t\t\t\t<\/div>\n\t\t\t\t\t\t\t\t<div class=\"elementor-field-type-textarea elementor-field-group elementor-column elementor-field-group-message elementor-col-100 elementor-field-required\">\n\t\t\t\t\t\t\t\t\t\t\t\t<label for=\"form-field-message\" class=\"elementor-field-label elementor-screen-only\">\n\t\t\t\t\t\t\t\tMessage\t\t\t\t\t\t\t<\/label>\n\t\t\t\t\t\t<textarea class=\"elementor-field-textual elementor-field  elementor-size-sm\" name=\"form_fields[message]\" id=\"form-field-message\" rows=\"5\" placeholder=\"Poruka\" required=\"required\"><\/textarea>\t\t\t\t<\/div>\n\t\t\t\t\t\t\t\t<div class=\"elementor-field-type-recaptcha_v3 elementor-field-group elementor-column elementor-field-group-field_efed115 elementor-col-100 recaptcha_v3-inline\">\n\t\t\t\t\t<div class=\"elementor-field\" id=\"form-field-field_efed115\"><div class=\"elementor-g-recaptcha\" data-sitekey=\"6LdvLVwaAAAAAKGpwkXc4PROKFJBurgMHKnNDTVd\" data-type=\"v3\" data-action=\"Form\" data-badge=\"inline\" data-size=\"invisible\"><\/div><\/div>\t\t\t\t<\/div>\n\t\t\t\t\t\t\t\t<div class=\"elementor-field-group elementor-column elementor-field-type-submit elementor-col-100 e-form__buttons\">\n\t\t\t\t\t<button class=\"elementor-button elementor-size-sm\" type=\"submit\">\n\t\t\t\t\t\t<span class=\"elementor-button-content-wrapper\">\n\t\t\t\t\t\t\t\t\t\t\t\t\t\t\t\t\t\t\t\t\t\t<span class=\"elementor-button-text\">Send<\/span>\n\t\t\t\t\t\t\t\t\t\t\t\t\t<\/span>\n\t\t\t\t\t<\/button>\n\t\t\t\t<\/div>\n\t\t\t<\/div>\n\t\t<\/form>\n\t\t\t\t\t\t<\/div>\n\t\t\t\t<\/div>\n\t\t\t\t\t<\/div>\n\t\t<\/div>\n\t\t\t\t\t<\/div>\n\t\t<\/section>\n\t\t\t\t<section class=\"elementor-section elementor-top-section elementor-element elementor-element-1f3abaea elementor-section-full_width elementor-section-height-default elementor-section-height-default\" data-id=\"1f3abaea\" data-element_type=\"section\" data-e-type=\"section\">\n\t\t\t\t\t\t<div class=\"elementor-container elementor-column-gap-no\">\n\t\t\t\t\t<div class=\"elementor-column elementor-col-100 elementor-top-column elementor-element elementor-element-69780dd\" data-id=\"69780dd\" data-element_type=\"column\" data-e-type=\"column\">\n\t\t\t<div class=\"elementor-widget-wrap elementor-element-populated\">\n\t\t\t\t\t\t<div class=\"elementor-element elementor-element-7974ff49 elementor-widget elementor-widget-google_maps\" data-id=\"7974ff49\" data-element_type=\"widget\" data-e-type=\"widget\" data-widget_type=\"google_maps.default\">\n\t\t\t\t<div class=\"elementor-widget-container\">\n\t\t\t\t\t\t\t<div class=\"elementor-custom-embed\">\n\t\t\t<iframe loading=\"lazy\"\n\t\t\t\t\tsrc=\"https:\/\/maps.google.com\/maps?q=Kirovljeva%2023%2C%20Beograd&#038;t=m&#038;z=16&#038;output=embed&#038;iwloc=near\"\n\t\t\t\t\ttitle=\"Kirovljeva 23, Beograd\"\n\t\t\t\t\taria-label=\"Kirovljeva 23, Beograd\"\n\t\t\t><\/iframe>\n\t\t<\/div>\n\t\t\t\t\t\t<\/div>\n\t\t\t\t<\/div>\n\t\t\t\t\t<\/div>\n\t\t<\/div>\n\t\t\t\t\t<\/div>\n\t\t<\/section>\n\t\t\t\t<section class=\"elementor-section elementor-top-section elementor-element elementor-element-2841e924 elementor-section-boxed elementor-section-height-default elementor-section-height-default\" data-id=\"2841e924\" data-element_type=\"section\" data-e-type=\"section\" data-settings=\"{&quot;background_background&quot;:&quot;classic&quot;}\">\n\t\t\t\t\t\t<div class=\"elementor-container elementor-column-gap-default\">\n\t\t\t\t\t<div class=\"elementor-column elementor-col-100 elementor-top-column elementor-element elementor-element-54f51731\" data-id=\"54f51731\" data-element_type=\"column\" data-e-type=\"column\">\n\t\t\t<div class=\"elementor-widget-wrap elementor-element-populated\">\n\t\t\t\t\t\t<div class=\"elementor-element elementor-element-d4cdbff elementor-widget-divider--view-line elementor-widget elementor-widget-divider\" data-id=\"d4cdbff\" data-element_type=\"widget\" data-e-type=\"widget\" data-widget_type=\"divider.default\">\n\t\t\t\t<div class=\"elementor-widget-container\">\n\t\t\t\t\t\t\t<div class=\"elementor-divider\">\n\t\t\t<span class=\"elementor-divider-separator\">\n\t\t\t\t\t\t<\/span>\n\t\t<\/div>\n\t\t\t\t\t\t<\/div>\n\t\t\t\t<\/div>\n\t\t\t\t<div class=\"elementor-element elementor-element-7dda8740 elementor-widget elementor-widget-heading\" data-id=\"7dda8740\" data-element_type=\"widget\" data-e-type=\"widget\" data-widget_type=\"heading.default\">\n\t\t\t\t<div class=\"elementor-widget-container\">\n\t\t\t\t\t<h4 class=\"elementor-heading-title elementor-size-large\">Radno vreme<\/h4>\t\t\t\t<\/div>\n\t\t\t\t<\/div>\n\t\t\t\t<div class=\"elementor-element elementor-element-543466ea elementor-widget elementor-widget-text-editor\" data-id=\"543466ea\" data-element_type=\"widget\" data-e-type=\"widget\" data-widget_type=\"text-editor.default\">\n\t\t\t\t<div class=\"elementor-widget-container\">\n\t\t\t\t\t\t\t\t\t<p>Ponedeljak &#8211; Petak od 08h &#8211; 16h<br \/>Subota od 08h &#8211; 15h<\/p>\t\t\t\t\t\t\t\t<\/div>\n\t\t\t\t<\/div>\n\t\t\t\t<div class=\"elementor-element elementor-element-7fdb8f3 elementor-widget-divider--view-line elementor-widget elementor-widget-divider\" data-id=\"7fdb8f3\" data-element_type=\"widget\" data-e-type=\"widget\" data-widget_type=\"divider.default\">\n\t\t\t\t<div class=\"elementor-widget-container\">\n\t\t\t\t\t\t\t<div class=\"elementor-divider\">\n\t\t\t<span class=\"elementor-divider-separator\">\n\t\t\t\t\t\t<\/span>\n\t\t<\/div>\n\t\t\t\t\t\t<\/div>\n\t\t\t\t<\/div>\n\t\t\t\t\t<\/div>\n\t\t<\/div>\n\t\t\t\t\t<\/div>\n\t\t<\/section>\n\t\t\t\t<section class=\"elementor-section elementor-top-section elementor-element elementor-element-5be9dd98 elementor-section-boxed elementor-section-height-default elementor-section-height-default\" data-id=\"5be9dd98\" data-element_type=\"section\" data-e-type=\"section\" data-settings=\"{&quot;background_background&quot;:&quot;classic&quot;}\">\n\t\t\t\t\t\t\t<div class=\"elementor-background-overlay\"><\/div>\n\t\t\t\t\t\t\t<div class=\"elementor-container elementor-column-gap-default\">\n\t\t\t\t\t<div class=\"elementor-column elementor-col-100 elementor-top-column elementor-element elementor-element-7e0ffcfa\" data-id=\"7e0ffcfa\" data-element_type=\"column\" data-e-type=\"column\">\n\t\t\t<div class=\"elementor-widget-wrap elementor-element-populated\">\n\t\t\t\t\t\t<div class=\"elementor-element elementor-element-541391a2 elementor-widget elementor-widget-heading\" data-id=\"541391a2\" data-element_type=\"widget\" data-e-type=\"widget\" data-widget_type=\"heading.default\">\n\t\t\t\t<div class=\"elementor-widget-container\">\n\t\t\t\t\t<h2 class=\"elementor-heading-title elementor-size-large\">Pozovite nas odmah!<\/h2>\t\t\t\t<\/div>\n\t\t\t\t<\/div>\n\t\t\t\t<div class=\"elementor-element elementor-element-5d788382 elementor-widget elementor-widget-heading\" data-id=\"5d788382\" data-element_type=\"widget\" data-e-type=\"widget\" data-widget_type=\"heading.default\">\n\t\t\t\t<div class=\"elementor-widget-container\">\n\t\t\t\t\t<h2 class=\"elementor-heading-title elementor-size-large\">+381 11 354 95 40<\/h2>\t\t\t\t<\/div>\n\t\t\t\t<\/div>\n\t\t\t\t\t<\/div>\n\t\t<\/div>\n\t\t\t\t\t<\/div>\n\t\t<\/section>\n\t\t\t\t<\/div>\n\t\t","protected":false},"excerpt":{"rendered":"<p>Kontaktirajte nas Pi\u0161ite nam Sajt je informativnog karaktera i postoji mogu\u0107nost nenamerne gre\u0161ke prilikom unosa podataka. Tako\u0111e postoji mogu\u0107nost da do\u0111e do promene ponude i cena a da administrator nije u mogu\u0107nosti da trenutno izmeni ponudu. Za sve dodatne informacije kontkatirajte nas putem mejla ili telefonom. Radno vreme Ponedeljak &#8211; Petak od 08h &#8211; 16hSubotaContinue reading &rarr;<\/p>\n","protected":false},"author":1,"featured_media":0,"parent":0,"menu_order":0,"comment_status":"closed","ping_status":"closed","template":"elementor_header_footer","meta":{"_monsterinsights_skip_tracking":false,"_monsterinsights_sitenote_active":false,"_monsterinsights_sitenote_note":"","_monsterinsights_sitenote_category":0,"footnotes":""},"class_list":["post-21","page","type-page","status-publish","hentry","no-thumb"],"yoast_head":"<!-- This site is optimized with the Yoast SEO plugin v27.1.1 - https:\/\/yoast.com\/product\/yoast-seo-wordpress\/ -->\n<title>Kontakt - CVETNI DEKOR NB d.o.o.<\/title>\n<meta name=\"description\" content=\"Sajt je informativnog karaktera i postoji mogu\u0107nost nenamerne gre\u0161ke prilikom unosa podataka. Tako\u0111e postoji mogu\u0107nost da do\u0111e do promene...\" \/>\n<meta name=\"robots\" content=\"index, follow, max-snippet:-1, max-image-preview:large, max-video-preview:-1\" \/>\n<link rel=\"canonical\" href=\"https:\/\/cvetnidekor.co.rs\/index.php\/kontakt\/\" \/>\n<meta property=\"og:locale\" content=\"en_US\" \/>\n<meta property=\"og:type\" content=\"article\" \/>\n<meta property=\"og:title\" content=\"Kontakt - CVETNI DEKOR NB d.o.o.\" \/>\n<meta property=\"og:description\" content=\"Sajt je informativnog karaktera i postoji mogu\u0107nost nenamerne gre\u0161ke prilikom unosa podataka. Tako\u0111e postoji mogu\u0107nost da do\u0111e do promene...\" \/>\n<meta property=\"og:url\" content=\"https:\/\/cvetnidekor.co.rs\/index.php\/kontakt\/\" \/>\n<meta property=\"og:site_name\" content=\"CVETNI DEKOR NB d.o.o.\" \/>\n<meta property=\"article:publisher\" content=\"https:\/\/www.facebook.com\/cvetni.dekornbdoo\" \/>\n<meta property=\"article:modified_time\" content=\"2026-03-23T14:59:53+00:00\" \/>\n<meta name=\"twitter:card\" content=\"summary_large_image\" \/>\n<meta name=\"twitter:label1\" content=\"Est. reading time\" \/>\n\t<meta name=\"twitter:data1\" content=\"1 minute\" \/>\n<script type=\"application\/ld+json\" class=\"yoast-schema-graph\">{\"@context\":\"https:\/\/schema.org\",\"@graph\":[{\"@type\":\"WebPage\",\"@id\":\"https:\/\/cvetnidekor.co.rs\/index.php\/kontakt\/\",\"url\":\"https:\/\/cvetnidekor.co.rs\/index.php\/kontakt\/\",\"name\":\"Kontakt - CVETNI DEKOR NB d.o.o.\",\"isPartOf\":{\"@id\":\"https:\/\/cvetnidekor.co.rs\/#website\"},\"datePublished\":\"2020-07-20T13:00:38+00:00\",\"dateModified\":\"2026-03-23T14:59:53+00:00\",\"description\":\"Sajt je informativnog karaktera i postoji mogu\u0107nost nenamerne gre\u0161ke prilikom unosa podataka. Tako\u0111e postoji mogu\u0107nost da do\u0111e do promene...\",\"breadcrumb\":{\"@id\":\"https:\/\/cvetnidekor.co.rs\/index.php\/kontakt\/#breadcrumb\"},\"inLanguage\":\"en-US\",\"potentialAction\":[{\"@type\":\"ReadAction\",\"target\":[\"https:\/\/cvetnidekor.co.rs\/index.php\/kontakt\/\"]}]},{\"@type\":\"BreadcrumbList\",\"@id\":\"https:\/\/cvetnidekor.co.rs\/index.php\/kontakt\/#breadcrumb\",\"itemListElement\":[{\"@type\":\"ListItem\",\"position\":1,\"name\":\"Naslovna\",\"item\":\"https:\/\/cvetnidekor.co.rs\/\"},{\"@type\":\"ListItem\",\"position\":2,\"name\":\"Kontakt\"}]},{\"@type\":\"WebSite\",\"@id\":\"https:\/\/cvetnidekor.co.rs\/#website\",\"url\":\"https:\/\/cvetnidekor.co.rs\/\",\"name\":\"CVETNI DEKOR NB d.o.o.\",\"description\":\"Dobro do\u0161li na sajt Cvetni Dekor NB d.o.o. Pogledajte katalog proizvoda koje imamo u ponudi.\",\"publisher\":{\"@id\":\"https:\/\/cvetnidekor.co.rs\/#organization\"},\"potentialAction\":[{\"@type\":\"SearchAction\",\"target\":{\"@type\":\"EntryPoint\",\"urlTemplate\":\"https:\/\/cvetnidekor.co.rs\/?s={search_term_string}\"},\"query-input\":{\"@type\":\"PropertyValueSpecification\",\"valueRequired\":true,\"valueName\":\"search_term_string\"}}],\"inLanguage\":\"en-US\"},{\"@type\":\"Organization\",\"@id\":\"https:\/\/cvetnidekor.co.rs\/#organization\",\"name\":\"Cvetni Dekor NB d.o.o.\",\"url\":\"https:\/\/cvetnidekor.co.rs\/\",\"logo\":{\"@type\":\"ImageObject\",\"inLanguage\":\"en-US\",\"@id\":\"https:\/\/cvetnidekor.co.rs\/#\/schema\/logo\/image\/\",\"url\":\"https:\/\/cvetnidekor.co.rs\/wp-content\/uploads\/2020\/10\/Dekor-logo-.jpg\",\"contentUrl\":\"https:\/\/cvetnidekor.co.rs\/wp-content\/uploads\/2020\/10\/Dekor-logo-.jpg\",\"width\":1110,\"height\":638,\"caption\":\"Cvetni Dekor NB d.o.o.\"},\"image\":{\"@id\":\"https:\/\/cvetnidekor.co.rs\/#\/schema\/logo\/image\/\"},\"sameAs\":[\"https:\/\/www.facebook.com\/cvetni.dekornbdoo\",\"https:\/\/www.instagram.com\/cvetnidekornb\/\"]}]}<\/script>\n<!-- \/ Yoast SEO plugin. -->","yoast_head_json":{"title":"Kontakt - CVETNI DEKOR NB d.o.o.","description":"Sajt je informativnog karaktera i postoji mogu\u0107nost nenamerne gre\u0161ke prilikom unosa podataka. Tako\u0111e postoji mogu\u0107nost da do\u0111e do promene...","robots":{"index":"index","follow":"follow","max-snippet":"max-snippet:-1","max-image-preview":"max-image-preview:large","max-video-preview":"max-video-preview:-1"},"canonical":"https:\/\/cvetnidekor.co.rs\/index.php\/kontakt\/","og_locale":"en_US","og_type":"article","og_title":"Kontakt - CVETNI DEKOR NB d.o.o.","og_description":"Sajt je informativnog karaktera i postoji mogu\u0107nost nenamerne gre\u0161ke prilikom unosa podataka. Tako\u0111e postoji mogu\u0107nost da do\u0111e do promene...","og_url":"https:\/\/cvetnidekor.co.rs\/index.php\/kontakt\/","og_site_name":"CVETNI DEKOR NB d.o.o.","article_publisher":"https:\/\/www.facebook.com\/cvetni.dekornbdoo","article_modified_time":"2026-03-23T14:59:53+00:00","twitter_card":"summary_large_image","twitter_misc":{"Est. reading time":"1 minute"},"schema":{"@context":"https:\/\/schema.org","@graph":[{"@type":"WebPage","@id":"https:\/\/cvetnidekor.co.rs\/index.php\/kontakt\/","url":"https:\/\/cvetnidekor.co.rs\/index.php\/kontakt\/","name":"Kontakt - CVETNI DEKOR NB d.o.o.","isPartOf":{"@id":"https:\/\/cvetnidekor.co.rs\/#website"},"datePublished":"2020-07-20T13:00:38+00:00","dateModified":"2026-03-23T14:59:53+00:00","description":"Sajt je informativnog karaktera i postoji mogu\u0107nost nenamerne gre\u0161ke prilikom unosa podataka. Tako\u0111e postoji mogu\u0107nost da do\u0111e do promene...","breadcrumb":{"@id":"https:\/\/cvetnidekor.co.rs\/index.php\/kontakt\/#breadcrumb"},"inLanguage":"en-US","potentialAction":[{"@type":"ReadAction","target":["https:\/\/cvetnidekor.co.rs\/index.php\/kontakt\/"]}]},{"@type":"BreadcrumbList","@id":"https:\/\/cvetnidekor.co.rs\/index.php\/kontakt\/#breadcrumb","itemListElement":[{"@type":"ListItem","position":1,"name":"Naslovna","item":"https:\/\/cvetnidekor.co.rs\/"},{"@type":"ListItem","position":2,"name":"Kontakt"}]},{"@type":"WebSite","@id":"https:\/\/cvetnidekor.co.rs\/#website","url":"https:\/\/cvetnidekor.co.rs\/","name":"CVETNI DEKOR NB d.o.o.","description":"Dobro do\u0161li na sajt Cvetni Dekor NB d.o.o. Pogledajte katalog proizvoda koje imamo u ponudi.","publisher":{"@id":"https:\/\/cvetnidekor.co.rs\/#organization"},"potentialAction":[{"@type":"SearchAction","target":{"@type":"EntryPoint","urlTemplate":"https:\/\/cvetnidekor.co.rs\/?s={search_term_string}"},"query-input":{"@type":"PropertyValueSpecification","valueRequired":true,"valueName":"search_term_string"}}],"inLanguage":"en-US"},{"@type":"Organization","@id":"https:\/\/cvetnidekor.co.rs\/#organization","name":"Cvetni Dekor NB d.o.o.","url":"https:\/\/cvetnidekor.co.rs\/","logo":{"@type":"ImageObject","inLanguage":"en-US","@id":"https:\/\/cvetnidekor.co.rs\/#\/schema\/logo\/image\/","url":"https:\/\/cvetnidekor.co.rs\/wp-content\/uploads\/2020\/10\/Dekor-logo-.jpg","contentUrl":"https:\/\/cvetnidekor.co.rs\/wp-content\/uploads\/2020\/10\/Dekor-logo-.jpg","width":1110,"height":638,"caption":"Cvetni Dekor NB d.o.o."},"image":{"@id":"https:\/\/cvetnidekor.co.rs\/#\/schema\/logo\/image\/"},"sameAs":["https:\/\/www.facebook.com\/cvetni.dekornbdoo","https:\/\/www.instagram.com\/cvetnidekornb\/"]}]}},"_links":{"self":[{"href":"https:\/\/cvetnidekor.co.rs\/index.php\/wp-json\/wp\/v2\/pages\/21","targetHints":{"allow":["GET"]}}],"collection":[{"href":"https:\/\/cvetnidekor.co.rs\/index.php\/wp-json\/wp\/v2\/pages"}],"about":[{"href":"https:\/\/cvetnidekor.co.rs\/index.php\/wp-json\/wp\/v2\/types\/page"}],"author":[{"embeddable":true,"href":"https:\/\/cvetnidekor.co.rs\/index.php\/wp-json\/wp\/v2\/users\/1"}],"replies":[{"embeddable":true,"href":"https:\/\/cvetnidekor.co.rs\/index.php\/wp-json\/wp\/v2\/comments?post=21"}],"version-history":[{"count":71,"href":"https:\/\/cvetnidekor.co.rs\/index.php\/wp-json\/wp\/v2\/pages\/21\/revisions"}],"predecessor-version":[{"id":5021,"href":"https:\/\/cvetnidekor.co.rs\/index.php\/wp-json\/wp\/v2\/pages\/21\/revisions\/5021"}],"wp:attachment":[{"href":"https:\/\/cvetnidekor.co.rs\/index.php\/wp-json\/wp\/v2\/media?parent=21"}],"curies":[{"name":"wp","href":"https:\/\/api.w.org\/{rel}","templated":true}]}}