{"id":20,"date":"2020-07-20T13:00:38","date_gmt":"2020-07-20T13:00:38","guid":{"rendered":"http:\/\/cvd.brzi.space\/?page_id=20"},"modified":"2026-01-04T13:47:40","modified_gmt":"2026-01-04T12:47:40","slug":"o-nama","status":"publish","type":"page","link":"https:\/\/cvetnidekor.co.rs\/index.php\/o-nama\/","title":{"rendered":"O nama"},"content":{"rendered":"\t\t<div data-elementor-type=\"wp-page\" data-elementor-id=\"20\" class=\"elementor elementor-20\" data-elementor-post-type=\"page\">\n\t\t\t\t\t\t<section class=\"elementor-section elementor-top-section elementor-element elementor-element-13293e3 elementor-section-boxed elementor-section-height-default elementor-section-height-default\" data-id=\"13293e3\" data-element_type=\"section\" data-e-type=\"section\">\n\t\t\t\t\t\t<div class=\"elementor-container elementor-column-gap-default\">\n\t\t\t\t\t<div class=\"elementor-column elementor-col-100 elementor-top-column elementor-element elementor-element-a0799df\" data-id=\"a0799df\" data-element_type=\"column\" data-e-type=\"column\">\n\t\t\t<div class=\"elementor-widget-wrap elementor-element-populated\">\n\t\t\t\t\t\t<div class=\"elementor-element elementor-element-b1e6738 elementor-widget elementor-widget-spacer\" data-id=\"b1e6738\" data-element_type=\"widget\" data-e-type=\"widget\" data-widget_type=\"spacer.default\">\n\t\t\t\t<div class=\"elementor-widget-container\">\n\t\t\t\t\t\t\t<div class=\"elementor-spacer\">\n\t\t\t<div class=\"elementor-spacer-inner\"><\/div>\n\t\t<\/div>\n\t\t\t\t\t\t<\/div>\n\t\t\t\t<\/div>\n\t\t\t\t\t<\/div>\n\t\t<\/div>\n\t\t\t\t\t<\/div>\n\t\t<\/section>\n\t\t\t\t<section class=\"elementor-section elementor-top-section elementor-element elementor-element-3d0340a2 elementor-section-boxed elementor-section-height-default elementor-section-height-default\" data-id=\"3d0340a2\" data-element_type=\"section\" data-e-type=\"section\" data-settings=\"{&quot;background_background&quot;:&quot;classic&quot;,&quot;shape_divider_bottom&quot;:&quot;curve&quot;,&quot;shape_divider_bottom_negative&quot;:&quot;yes&quot;}\">\n\t\t\t\t\t\t\t<div class=\"elementor-background-overlay\"><\/div>\n\t\t\t\t\t\t<div class=\"elementor-shape elementor-shape-bottom\" aria-hidden=\"true\" data-negative=\"true\">\n\t\t\t<svg xmlns=\"http:\/\/www.w3.org\/2000\/svg\" viewBox=\"0 0 1000 100\" preserveAspectRatio=\"none\">\n\t<path class=\"elementor-shape-fill\" d=\"M500,97C126.7,96.3,0.8,19.8,0,0v100l1000,0V1C1000,19.4,873.3,97.8,500,97z\"\/>\n<\/svg>\t\t<\/div>\n\t\t\t\t\t<div class=\"elementor-container elementor-column-gap-default\">\n\t\t\t\t\t<div class=\"elementor-column elementor-col-100 elementor-top-column elementor-element elementor-element-7687bb20\" data-id=\"7687bb20\" data-element_type=\"column\" data-e-type=\"column\">\n\t\t\t<div class=\"elementor-widget-wrap elementor-element-populated\">\n\t\t\t\t\t\t<div class=\"elementor-element elementor-element-683764a7 elementor-widget elementor-widget-heading\" data-id=\"683764a7\" data-element_type=\"widget\" data-e-type=\"widget\" data-widget_type=\"heading.default\">\n\t\t\t\t<div class=\"elementor-widget-container\">\n\t\t\t\t\t<h2 class=\"elementor-heading-title elementor-size-default\">O nama<\/h2>\t\t\t\t<\/div>\n\t\t\t\t<\/div>\n\t\t\t\t<div class=\"elementor-element elementor-element-29080732 elementor-widget-divider--view-line elementor-widget elementor-widget-divider\" data-id=\"29080732\" data-element_type=\"widget\" data-e-type=\"widget\" data-widget_type=\"divider.default\">\n\t\t\t\t<div class=\"elementor-widget-container\">\n\t\t\t\t\t\t\t<div class=\"elementor-divider\">\n\t\t\t<span class=\"elementor-divider-separator\">\n\t\t\t\t\t\t<\/span>\n\t\t<\/div>\n\t\t\t\t\t\t<\/div>\n\t\t\t\t<\/div>\n\t\t\t\t<div class=\"elementor-element elementor-element-259a3462 elementor-widget elementor-widget-text-editor\" data-id=\"259a3462\" data-element_type=\"widget\" data-e-type=\"widget\" data-widget_type=\"text-editor.default\">\n\t\t\t\t<div class=\"elementor-widget-container\">\n\t\t\t\t\t\t\t\t\t<p>Ako ste do\u0161li da saznate vi\u0161e o nama, na pravom ste mestu! <\/p>\t\t\t\t\t\t\t\t<\/div>\n\t\t\t\t<\/div>\n\t\t\t\t\t<\/div>\n\t\t<\/div>\n\t\t\t\t\t<\/div>\n\t\t<\/section>\n\t\t\t\t<section class=\"elementor-section elementor-top-section elementor-element elementor-element-6fb8e2e0 elementor-section-boxed elementor-section-height-default elementor-section-height-default\" data-id=\"6fb8e2e0\" data-element_type=\"section\" data-e-type=\"section\">\n\t\t\t\t\t\t<div class=\"elementor-container elementor-column-gap-wide\">\n\t\t\t\t\t<div class=\"elementor-column elementor-col-33 elementor-top-column elementor-element elementor-element-7111750a\" data-id=\"7111750a\" data-element_type=\"column\" data-e-type=\"column\">\n\t\t\t<div class=\"elementor-widget-wrap elementor-element-populated\">\n\t\t\t\t\t\t<div class=\"elementor-element elementor-element-244506db elementor-view-default elementor-position-block-start elementor-mobile-position-block-start elementor-widget elementor-widget-icon-box\" data-id=\"244506db\" data-element_type=\"widget\" data-e-type=\"widget\" data-widget_type=\"icon-box.default\">\n\t\t\t\t<div class=\"elementor-widget-container\">\n\t\t\t\t\t\t\t<div class=\"elementor-icon-box-wrapper\">\n\n\t\t\t\t\t\t<div class=\"elementor-icon-box-icon\">\n\t\t\t\t<a href=\"https:\/\/facebook.com\/cvetni.dekornbdoo\" target=\"_blank\" class=\"elementor-icon\" tabindex=\"-1\" aria-label=\"Facebook\">\n\t\t\t\t<i aria-hidden=\"true\" class=\"fab fa-facebook-f\"><\/i>\t\t\t\t<\/a>\n\t\t\t<\/div>\n\t\t\t\n\t\t\t\t\t\t<div class=\"elementor-icon-box-content\">\n\n\t\t\t\t\t\t\t\t\t<h3 class=\"elementor-icon-box-title\">\n\t\t\t\t\t\t<a href=\"https:\/\/facebook.com\/cvetni.dekornbdoo\" target=\"_blank\" >\n\t\t\t\t\t\t\tFacebook\t\t\t\t\t\t<\/a>\n\t\t\t\t\t<\/h3>\n\t\t\t\t\n\t\t\t\t\t\t\t\t\t<p class=\"elementor-icon-box-description\">\n\t\t\t\t\t\tOvo je na\u0161a Facebook stranica preko koje mo\u017eete pratiti najnovije objave, slike i ponude.\t\t\t\t\t<\/p>\n\t\t\t\t\n\t\t\t<\/div>\n\t\t\t\n\t\t<\/div>\n\t\t\t\t\t\t<\/div>\n\t\t\t\t<\/div>\n\t\t\t\t\t<\/div>\n\t\t<\/div>\n\t\t\t\t<div class=\"elementor-column elementor-col-33 elementor-top-column elementor-element elementor-element-499cd7a\" data-id=\"499cd7a\" data-element_type=\"column\" data-e-type=\"column\">\n\t\t\t<div class=\"elementor-widget-wrap elementor-element-populated\">\n\t\t\t\t\t\t<div class=\"elementor-element elementor-element-638bdbba elementor-view-default elementor-position-block-start elementor-mobile-position-block-start elementor-widget elementor-widget-icon-box\" data-id=\"638bdbba\" data-element_type=\"widget\" data-e-type=\"widget\" data-widget_type=\"icon-box.default\">\n\t\t\t\t<div class=\"elementor-widget-container\">\n\t\t\t\t\t\t\t<div class=\"elementor-icon-box-wrapper\">\n\n\t\t\t\t\t\t<div class=\"elementor-icon-box-icon\">\n\t\t\t\t<a href=\"https:\/\/www.instagram.com\/cvetnidekornb\/\" target=\"_blank\" class=\"elementor-icon\" tabindex=\"-1\" aria-label=\"Instagram\">\n\t\t\t\t<i aria-hidden=\"true\" class=\"fab fa-instagram\"><\/i>\t\t\t\t<\/a>\n\t\t\t<\/div>\n\t\t\t\n\t\t\t\t\t\t<div class=\"elementor-icon-box-content\">\n\n\t\t\t\t\t\t\t\t\t<h3 class=\"elementor-icon-box-title\">\n\t\t\t\t\t\t<a href=\"https:\/\/www.instagram.com\/cvetnidekornb\/\" target=\"_blank\" >\n\t\t\t\t\t\t\tInstagram\t\t\t\t\t\t<\/a>\n\t\t\t\t\t<\/h3>\n\t\t\t\t\n\t\t\t\t\t\t\t\t\t<p class=\"elementor-icon-box-description\">\n\t\t\t\t\t\tOvo je na\u0161 Instagram nalog preko kojeg mo\u017eete pratiti najnovije objave, slike i ponude.\t\t\t\t\t<\/p>\n\t\t\t\t\n\t\t\t<\/div>\n\t\t\t\n\t\t<\/div>\n\t\t\t\t\t\t<\/div>\n\t\t\t\t<\/div>\n\t\t\t\t\t<\/div>\n\t\t<\/div>\n\t\t\t\t<div class=\"elementor-column elementor-col-33 elementor-top-column elementor-element elementor-element-4321a2a6\" data-id=\"4321a2a6\" data-element_type=\"column\" data-e-type=\"column\">\n\t\t\t<div class=\"elementor-widget-wrap elementor-element-populated\">\n\t\t\t\t\t\t<div class=\"elementor-element elementor-element-a782f6b elementor-view-default elementor-position-block-start elementor-mobile-position-block-start elementor-widget elementor-widget-icon-box\" data-id=\"a782f6b\" data-element_type=\"widget\" data-e-type=\"widget\" data-widget_type=\"icon-box.default\">\n\t\t\t\t<div class=\"elementor-widget-container\">\n\t\t\t\t\t\t\t<div class=\"elementor-icon-box-wrapper\">\n\n\t\t\t\t\t\t<div class=\"elementor-icon-box-icon\">\n\t\t\t\t<a href=\"mailto:cvetnidekor@gmail.com\" target=\"_blank\" class=\"elementor-icon\" tabindex=\"-1\" aria-label=\"E-mail\">\n\t\t\t\t<i aria-hidden=\"true\" class=\"icon icon-email\"><\/i>\t\t\t\t<\/a>\n\t\t\t<\/div>\n\t\t\t\n\t\t\t\t\t\t<div class=\"elementor-icon-box-content\">\n\n\t\t\t\t\t\t\t\t\t<h3 class=\"elementor-icon-box-title\">\n\t\t\t\t\t\t<a href=\"mailto:cvetnidekor@gmail.com\" target=\"_blank\" >\n\t\t\t\t\t\t\tE-mail\t\t\t\t\t\t<\/a>\n\t\t\t\t\t<\/h3>\n\t\t\t\t\n\t\t\t\t\t\t\t\t\t<p class=\"elementor-icon-box-description\">\n\t\t\t\t\t\tOvo je na\u0161 e-mail preko kojeg mo\u017eete naru\u010divati odre\u0111ene proizvode.\t\t\t\t\t<\/p>\n\t\t\t\t\n\t\t\t<\/div>\n\t\t\t\n\t\t<\/div>\n\t\t\t\t\t\t<\/div>\n\t\t\t\t<\/div>\n\t\t\t\t\t<\/div>\n\t\t<\/div>\n\t\t\t\t\t<\/div>\n\t\t<\/section>\n\t\t\t\t<section class=\"elementor-section elementor-top-section elementor-element elementor-element-1d884129 elementor-section-boxed elementor-section-height-default elementor-section-height-default\" data-id=\"1d884129\" data-element_type=\"section\" data-e-type=\"section\" data-settings=\"{&quot;background_background&quot;:&quot;classic&quot;}\">\n\t\t\t\t\t\t<div class=\"elementor-container elementor-column-gap-wide\">\n\t\t\t\t\t<div class=\"elementor-column elementor-col-100 elementor-top-column elementor-element elementor-element-1ace439e\" data-id=\"1ace439e\" data-element_type=\"column\" data-e-type=\"column\">\n\t\t\t<div class=\"elementor-widget-wrap elementor-element-populated\">\n\t\t\t\t\t\t<div class=\"elementor-element elementor-element-2f4de5 elementor-widget elementor-widget-heading\" data-id=\"2f4de5\" data-element_type=\"widget\" data-e-type=\"widget\" data-widget_type=\"heading.default\">\n\t\t\t\t<div class=\"elementor-widget-container\">\n\t\t\t\t\t<h3 class=\"elementor-heading-title elementor-size-default\">Na\u0161a pri\u010da<\/h3>\t\t\t\t<\/div>\n\t\t\t\t<\/div>\n\t\t\t\t<div class=\"elementor-element elementor-element-63398310 elementor-view-default elementor-widget elementor-widget-icon\" data-id=\"63398310\" data-element_type=\"widget\" data-e-type=\"widget\" data-widget_type=\"icon.default\">\n\t\t\t\t<div class=\"elementor-widget-container\">\n\t\t\t\t\t\t\t<div class=\"elementor-icon-wrapper\">\n\t\t\t<div class=\"elementor-icon\">\n\t\t\t<i aria-hidden=\"true\" class=\"fas fa-heart\"><\/i>\t\t\t<\/div>\n\t\t<\/div>\n\t\t\t\t\t\t<\/div>\n\t\t\t\t<\/div>\n\t\t\t\t<div class=\"elementor-element elementor-element-6b51b4b elementor-widget elementor-widget-counter\" data-id=\"6b51b4b\" data-element_type=\"widget\" data-e-type=\"widget\" data-widget_type=\"counter.default\">\n\t\t\t\t<div class=\"elementor-widget-container\">\n\t\t\t\t\t\t\t<div class=\"elementor-counter\">\n\t\t\t<div class=\"elementor-counter-title\">godina rada<\/div>\t\t\t<div class=\"elementor-counter-number-wrapper\">\n\t\t\t\t<span class=\"elementor-counter-number-prefix\"><\/span>\n\t\t\t\t<span class=\"elementor-counter-number\" data-duration=\"2000\" data-to-value=\"36\" data-from-value=\"0\" data-delimiter=\",\">0<\/span>\n\t\t\t\t<span class=\"elementor-counter-number-suffix\"><\/span>\n\t\t\t<\/div>\n\t\t<\/div>\n\t\t\t\t\t\t<\/div>\n\t\t\t\t<\/div>\n\t\t\t\t<div class=\"elementor-element elementor-element-f8b4e9f elementor-widget elementor-widget-spacer\" data-id=\"f8b4e9f\" data-element_type=\"widget\" data-e-type=\"widget\" data-widget_type=\"spacer.default\">\n\t\t\t\t<div class=\"elementor-widget-container\">\n\t\t\t\t\t\t\t<div class=\"elementor-spacer\">\n\t\t\t<div class=\"elementor-spacer-inner\"><\/div>\n\t\t<\/div>\n\t\t\t\t\t\t<\/div>\n\t\t\t\t<\/div>\n\t\t\t\t<section class=\"elementor-section elementor-inner-section elementor-element elementor-element-2ade135b elementor-section-boxed elementor-section-height-default elementor-section-height-default\" data-id=\"2ade135b\" data-element_type=\"section\" data-e-type=\"section\">\n\t\t\t\t\t\t<div class=\"elementor-container elementor-column-gap-default\">\n\t\t\t\t\t<div class=\"elementor-column elementor-col-100 elementor-inner-column elementor-element elementor-element-c936e4f\" data-id=\"c936e4f\" data-element_type=\"column\" data-e-type=\"column\">\n\t\t\t<div class=\"elementor-widget-wrap elementor-element-populated\">\n\t\t\t\t\t\t<div class=\"elementor-element elementor-element-c82f591 elementor-widget elementor-widget-text-editor\" data-id=\"c82f591\" data-element_type=\"widget\" data-e-type=\"widget\" data-widget_type=\"text-editor.default\">\n\t\t\t\t<div class=\"elementor-widget-container\">\n\t\t\t\t\t\t\t\t\t<p>Cvetni Dekor Beograd osnovan je 1990. godine kao zanatska radnja \u010dija je osnovna delatnost bila prodaja ukrasnog i dekorativnog repromaterijala za cve\u0107are. Konstantno usavr\u0161avanje na\u0161eg tima zaposlenih i pra\u0107enje aktuelnih trendova, u\u010dinili su da vremenom pro\u0161irimo na\u0161u delatnost i obogatimo asortiman proizvoda.<\/p><p>Danas se firma Cvetni Dekor NB d.o.o. bavi proizvodnjom i veleprodajom repromaterijala za pakovanje cve\u0107a, poklona, slika, parfema, dekoraciju prostora i izradu specijalnih aran\u017emana. Koriste\u0107i robu iz na\u0161eg asortimana mo\u017eete napraviti originalne ukrase.<\/p><p>Ukoliko \u017eelite da Va\u0161u cve\u0107aru, parfimeriju, galeriju, knji\u017earu ili gift shop, opremite raznovrsnim ukrasima i dekorativnim materijalima, Cvetni Dekor NB je prava adresa za Vas.<\/p><p>Dugogodi\u0161nja tradicija, vrhunski kvalitet proizvoda, profesionalna usluga i pristupa\u010dne cene, preporu\u010dili su nas kod velikog broja klijenata sa kojima smo ostvarili uspe\u0161nu saradnju.<\/p>\t\t\t\t\t\t\t\t<\/div>\n\t\t\t\t<\/div>\n\t\t\t\t\t<\/div>\n\t\t<\/div>\n\t\t\t\t\t<\/div>\n\t\t<\/section>\n\t\t\t\t<div class=\"elementor-element elementor-element-3698da4 elementor-widget elementor-widget-text-editor\" data-id=\"3698da4\" data-element_type=\"widget\" data-e-type=\"widget\" data-widget_type=\"text-editor.default\">\n\t\t\t\t<div class=\"elementor-widget-container\">\n\t\t\t\t\t\t\t\t\t<hr \/><p><br \/>Uz sve ovo na tr\u017ei\u0161tu nastupamo i kao partneri vode\u0107ih evropskih firmi koje se bave ovom vrstom posla.<\/p>\t\t\t\t\t\t\t\t<\/div>\n\t\t\t\t<\/div>\n\t\t\t\t\t<\/div>\n\t\t<\/div>\n\t\t\t\t\t<\/div>\n\t\t<\/section>\n\t\t\t\t<\/div>\n\t\t","protected":false},"excerpt":{"rendered":"<p>O nama Ako ste do\u0161li da saznate vi\u0161e o nama, na pravom ste mestu! Facebook Ovo je na\u0161a Facebook stranica preko koje mo\u017eete pratiti najnovije objave, slike i ponude. Instagram Ovo je na\u0161 Instagram nalog preko kojeg mo\u017eete pratiti najnovije objave, slike i ponude. E-mail Ovo je na\u0161 e-mail preko kojeg mo\u017eete naru\u010divati odre\u0111ene proizvode.Continue reading &rarr;<\/p>\n","protected":false},"author":1,"featured_media":0,"parent":0,"menu_order":0,"comment_status":"closed","ping_status":"closed","template":"elementor_header_footer","meta":{"_monsterinsights_skip_tracking":false,"_monsterinsights_sitenote_active":false,"_monsterinsights_sitenote_note":"","_monsterinsights_sitenote_category":0,"footnotes":""},"class_list":["post-20","page","type-page","status-publish","hentry","no-thumb"],"yoast_head":"<!-- This site is optimized with the Yoast SEO plugin v27.1.1 - https:\/\/yoast.com\/product\/yoast-seo-wordpress\/ -->\n<title>O nama - CVETNI DEKOR NB d.o.o. - osnovan je 1990. godine u Beogra...<\/title>\n<meta name=\"description\" content=\"Cvetni Dekor Beograd osnovan je 1990. godine kao zanatska radnja \u010dija je osnovna delatnost bila prodaja ukrasnog i dekorativnog repromaterijala za cve\u0107are.\" \/>\n<meta name=\"robots\" content=\"index, follow, max-snippet:-1, max-image-preview:large, max-video-preview:-1\" \/>\n<link rel=\"canonical\" href=\"https:\/\/cvetnidekor.co.rs\/index.php\/o-nama\/\" \/>\n<meta property=\"og:locale\" content=\"en_US\" \/>\n<meta property=\"og:type\" content=\"article\" \/>\n<meta property=\"og:title\" content=\"O nama - CVETNI DEKOR NB d.o.o. - osnovan je 1990. godine u Beogra...\" \/>\n<meta property=\"og:description\" content=\"Cvetni Dekor Beograd osnovan je 1990. godine kao zanatska radnja \u010dija je osnovna delatnost bila prodaja ukrasnog i dekorativnog repromaterijala za cve\u0107are.\" \/>\n<meta property=\"og:url\" content=\"https:\/\/cvetnidekor.co.rs\/index.php\/o-nama\/\" \/>\n<meta property=\"og:site_name\" content=\"CVETNI DEKOR NB d.o.o.\" \/>\n<meta property=\"article:publisher\" content=\"https:\/\/www.facebook.com\/cvetni.dekornbdoo\" \/>\n<meta property=\"article:modified_time\" content=\"2026-01-04T12:47:40+00:00\" \/>\n<meta name=\"twitter:card\" content=\"summary_large_image\" \/>\n<meta name=\"twitter:label1\" content=\"Est. reading time\" \/>\n\t<meta name=\"twitter:data1\" content=\"1 minute\" \/>\n<script type=\"application\/ld+json\" class=\"yoast-schema-graph\">{\"@context\":\"https:\/\/schema.org\",\"@graph\":[{\"@type\":\"WebPage\",\"@id\":\"https:\/\/cvetnidekor.co.rs\/index.php\/o-nama\/\",\"url\":\"https:\/\/cvetnidekor.co.rs\/index.php\/o-nama\/\",\"name\":\"O nama - CVETNI DEKOR NB d.o.o. - osnovan je 1990. godine u Beogra...\",\"isPartOf\":{\"@id\":\"https:\/\/cvetnidekor.co.rs\/#website\"},\"datePublished\":\"2020-07-20T13:00:38+00:00\",\"dateModified\":\"2026-01-04T12:47:40+00:00\",\"description\":\"Cvetni Dekor Beograd osnovan je 1990. godine kao zanatska radnja \u010dija je osnovna delatnost bila prodaja ukrasnog i dekorativnog repromaterijala za cve\u0107are.\",\"breadcrumb\":{\"@id\":\"https:\/\/cvetnidekor.co.rs\/index.php\/o-nama\/#breadcrumb\"},\"inLanguage\":\"en-US\",\"potentialAction\":[{\"@type\":\"ReadAction\",\"target\":[\"https:\/\/cvetnidekor.co.rs\/index.php\/o-nama\/\"]}]},{\"@type\":\"BreadcrumbList\",\"@id\":\"https:\/\/cvetnidekor.co.rs\/index.php\/o-nama\/#breadcrumb\",\"itemListElement\":[{\"@type\":\"ListItem\",\"position\":1,\"name\":\"Naslovna\",\"item\":\"https:\/\/cvetnidekor.co.rs\/\"},{\"@type\":\"ListItem\",\"position\":2,\"name\":\"O nama\"}]},{\"@type\":\"WebSite\",\"@id\":\"https:\/\/cvetnidekor.co.rs\/#website\",\"url\":\"https:\/\/cvetnidekor.co.rs\/\",\"name\":\"CVETNI DEKOR NB d.o.o.\",\"description\":\"Dobro do\u0161li na sajt Cvetni Dekor NB d.o.o. Pogledajte katalog proizvoda koje imamo u ponudi.\",\"publisher\":{\"@id\":\"https:\/\/cvetnidekor.co.rs\/#organization\"},\"potentialAction\":[{\"@type\":\"SearchAction\",\"target\":{\"@type\":\"EntryPoint\",\"urlTemplate\":\"https:\/\/cvetnidekor.co.rs\/?s={search_term_string}\"},\"query-input\":{\"@type\":\"PropertyValueSpecification\",\"valueRequired\":true,\"valueName\":\"search_term_string\"}}],\"inLanguage\":\"en-US\"},{\"@type\":\"Organization\",\"@id\":\"https:\/\/cvetnidekor.co.rs\/#organization\",\"name\":\"Cvetni Dekor NB d.o.o.\",\"url\":\"https:\/\/cvetnidekor.co.rs\/\",\"logo\":{\"@type\":\"ImageObject\",\"inLanguage\":\"en-US\",\"@id\":\"https:\/\/cvetnidekor.co.rs\/#\/schema\/logo\/image\/\",\"url\":\"https:\/\/cvetnidekor.co.rs\/wp-content\/uploads\/2020\/10\/Dekor-logo-.jpg\",\"contentUrl\":\"https:\/\/cvetnidekor.co.rs\/wp-content\/uploads\/2020\/10\/Dekor-logo-.jpg\",\"width\":1110,\"height\":638,\"caption\":\"Cvetni Dekor NB d.o.o.\"},\"image\":{\"@id\":\"https:\/\/cvetnidekor.co.rs\/#\/schema\/logo\/image\/\"},\"sameAs\":[\"https:\/\/www.facebook.com\/cvetni.dekornbdoo\",\"https:\/\/www.instagram.com\/cvetnidekornb\/\"]}]}<\/script>\n<!-- \/ Yoast SEO plugin. -->","yoast_head_json":{"title":"O nama - CVETNI DEKOR NB d.o.o. - osnovan je 1990. godine u Beogra...","description":"Cvetni Dekor Beograd osnovan je 1990. godine kao zanatska radnja \u010dija je osnovna delatnost bila prodaja ukrasnog i dekorativnog repromaterijala za cve\u0107are.","robots":{"index":"index","follow":"follow","max-snippet":"max-snippet:-1","max-image-preview":"max-image-preview:large","max-video-preview":"max-video-preview:-1"},"canonical":"https:\/\/cvetnidekor.co.rs\/index.php\/o-nama\/","og_locale":"en_US","og_type":"article","og_title":"O nama - CVETNI DEKOR NB d.o.o. - osnovan je 1990. godine u Beogra...","og_description":"Cvetni Dekor Beograd osnovan je 1990. godine kao zanatska radnja \u010dija je osnovna delatnost bila prodaja ukrasnog i dekorativnog repromaterijala za cve\u0107are.","og_url":"https:\/\/cvetnidekor.co.rs\/index.php\/o-nama\/","og_site_name":"CVETNI DEKOR NB d.o.o.","article_publisher":"https:\/\/www.facebook.com\/cvetni.dekornbdoo","article_modified_time":"2026-01-04T12:47:40+00:00","twitter_card":"summary_large_image","twitter_misc":{"Est. reading time":"1 minute"},"schema":{"@context":"https:\/\/schema.org","@graph":[{"@type":"WebPage","@id":"https:\/\/cvetnidekor.co.rs\/index.php\/o-nama\/","url":"https:\/\/cvetnidekor.co.rs\/index.php\/o-nama\/","name":"O nama - CVETNI DEKOR NB d.o.o. - osnovan je 1990. godine u Beogra...","isPartOf":{"@id":"https:\/\/cvetnidekor.co.rs\/#website"},"datePublished":"2020-07-20T13:00:38+00:00","dateModified":"2026-01-04T12:47:40+00:00","description":"Cvetni Dekor Beograd osnovan je 1990. godine kao zanatska radnja \u010dija je osnovna delatnost bila prodaja ukrasnog i dekorativnog repromaterijala za cve\u0107are.","breadcrumb":{"@id":"https:\/\/cvetnidekor.co.rs\/index.php\/o-nama\/#breadcrumb"},"inLanguage":"en-US","potentialAction":[{"@type":"ReadAction","target":["https:\/\/cvetnidekor.co.rs\/index.php\/o-nama\/"]}]},{"@type":"BreadcrumbList","@id":"https:\/\/cvetnidekor.co.rs\/index.php\/o-nama\/#breadcrumb","itemListElement":[{"@type":"ListItem","position":1,"name":"Naslovna","item":"https:\/\/cvetnidekor.co.rs\/"},{"@type":"ListItem","position":2,"name":"O nama"}]},{"@type":"WebSite","@id":"https:\/\/cvetnidekor.co.rs\/#website","url":"https:\/\/cvetnidekor.co.rs\/","name":"CVETNI DEKOR NB d.o.o.","description":"Dobro do\u0161li na sajt Cvetni Dekor NB d.o.o. Pogledajte katalog proizvoda koje imamo u ponudi.","publisher":{"@id":"https:\/\/cvetnidekor.co.rs\/#organization"},"potentialAction":[{"@type":"SearchAction","target":{"@type":"EntryPoint","urlTemplate":"https:\/\/cvetnidekor.co.rs\/?s={search_term_string}"},"query-input":{"@type":"PropertyValueSpecification","valueRequired":true,"valueName":"search_term_string"}}],"inLanguage":"en-US"},{"@type":"Organization","@id":"https:\/\/cvetnidekor.co.rs\/#organization","name":"Cvetni Dekor NB d.o.o.","url":"https:\/\/cvetnidekor.co.rs\/","logo":{"@type":"ImageObject","inLanguage":"en-US","@id":"https:\/\/cvetnidekor.co.rs\/#\/schema\/logo\/image\/","url":"https:\/\/cvetnidekor.co.rs\/wp-content\/uploads\/2020\/10\/Dekor-logo-.jpg","contentUrl":"https:\/\/cvetnidekor.co.rs\/wp-content\/uploads\/2020\/10\/Dekor-logo-.jpg","width":1110,"height":638,"caption":"Cvetni Dekor NB d.o.o."},"image":{"@id":"https:\/\/cvetnidekor.co.rs\/#\/schema\/logo\/image\/"},"sameAs":["https:\/\/www.facebook.com\/cvetni.dekornbdoo","https:\/\/www.instagram.com\/cvetnidekornb\/"]}]}},"_links":{"self":[{"href":"https:\/\/cvetnidekor.co.rs\/index.php\/wp-json\/wp\/v2\/pages\/20","targetHints":{"allow":["GET"]}}],"collection":[{"href":"https:\/\/cvetnidekor.co.rs\/index.php\/wp-json\/wp\/v2\/pages"}],"about":[{"href":"https:\/\/cvetnidekor.co.rs\/index.php\/wp-json\/wp\/v2\/types\/page"}],"author":[{"embeddable":true,"href":"https:\/\/cvetnidekor.co.rs\/index.php\/wp-json\/wp\/v2\/users\/1"}],"replies":[{"embeddable":true,"href":"https:\/\/cvetnidekor.co.rs\/index.php\/wp-json\/wp\/v2\/comments?post=20"}],"version-history":[{"count":63,"href":"https:\/\/cvetnidekor.co.rs\/index.php\/wp-json\/wp\/v2\/pages\/20\/revisions"}],"predecessor-version":[{"id":4850,"href":"https:\/\/cvetnidekor.co.rs\/index.php\/wp-json\/wp\/v2\/pages\/20\/revisions\/4850"}],"wp:attachment":[{"href":"https:\/\/cvetnidekor.co.rs\/index.php\/wp-json\/wp\/v2\/media?parent=20"}],"curies":[{"name":"wp","href":"https:\/\/api.w.org\/{rel}","templated":true}]}}